{"id":2479,"date":"2021-10-26T12:24:03","date_gmt":"2021-10-26T10:24:03","guid":{"rendered":"https:\/\/eedap.com\/profesores-certificados\/"},"modified":"2021-10-27T12:01:06","modified_gmt":"2021-10-27T10:01:06","slug":"certified-professors","status":"publish","type":"page","link":"https:\/\/eedap.com\/en\/certified-professors\/","title":{"rendered":"Certified Professors"},"content":{"rendered":"<h1>CERTIFIED PROFESSORS<\/h1>\n<div>\n<div id=\"A\" class=\"\" >\n                        <!--<h2 class=\"uk-h1 uk-heading-bullet\"><strong>A<\/strong><\/h2>--><h2 class=\"uk-h1 uk-heading-bullet\"><strong>A<\/strong><\/h2><p>Aguiar, Fl\u00e1via<\/p><p>Albaladejo Castilla, Noel<\/p><p>Alfonso Gallardo, Joanna<\/p><p>Almeida Franco, Ana Rita<\/p><p>Almeida, Magdalena<\/p><p>Alonso Taboas, Sergio<\/p><p>Amouroux, Clotilde<\/p><p>Arag\u00f3n Valverde, Jesus<\/p><p>Arrrebola Moreno, Antonio Jes\u00fas<\/p><p>Assis, Ana<\/p><p>Ausell\u00e9 Crosas, Albert<\/p><\/div><div id=\"B\" class=\"\" >\n                        <!--<h2 class=\"uk-h1 uk-heading-bullet\"><strong>B<\/strong><\/h2>--><h2 class=\"uk-h1 uk-heading-bullet\"><strong>B<\/strong><\/h2><p>Belmonte Mart\u00ednez, Isabel<\/p><p>Blanco Iglesias, Rub\u00e9n<\/p><p>Borrero Herencia, Beatriz<\/p><p>Brisset, Emilie<\/p><\/div><div id=\"C\" class=\"\" >\n                        <!--<h2 class=\"uk-h1 uk-heading-bullet\"><strong>C<\/strong><\/h2>--><h2 class=\"uk-h1 uk-heading-bullet\"><strong>C<\/strong><\/h2><p>Campos Cardellat, Maria Jos\u00e9<\/p><p>Canossa Dias, Rita<\/p><p>Cardellat Porras, Manoli<\/p><p>Cardoso David, Ant\u00f3nio Miguel<\/p><p>Carlson, Trevor Clarke<\/p><p>Casais Gomes, Rafael Alexandre<\/p><p>Ciarla, Elena<\/p><p>Cid Guede, Eva<\/p><p>Codina Oria, Trinidad<\/p><p>Colomer Llobet, Mireya<\/p><p>Coronel Barreiro, Enna Gabriela<\/p><p>Cortada Kosonen, Eva<\/p><p>Craveiro, Ant\u00f3nio Manuel<\/p><p>Cuadrado Gonz\u00e1lez, Amaya<\/p><p>Cubiles Pedr\u00f3s, Mar\u00eda Jes\u00fas<\/p><p>Cuevas Torres, Javier<\/p><p>Curbera Arnau, N\u00faria<\/p><\/div><div id=\"D\" class=\"\" >\n                        <!--<h2 class=\"uk-h1 uk-heading-bullet\"><strong>D<\/strong><\/h2>--><h2 class=\"uk-h1 uk-heading-bullet\"><strong>D<\/strong><\/h2><p>Da Silva Barreira, Andrea<\/p><p>De Sousa, Joao<\/p><p>Deulofeu Ser\u00e9s, J\u00falia<\/p><p>Di Biase, Andr\u00e9s<\/p><p>Domenech L\u00f3pez, Rafael<\/p><p>Dom\u00ednguez Ben\u00edtez, Paula<\/p><p>Dos Santos Costa, Joana<\/p><p>Duarte, Joana<\/p><\/div><div id=\"F\" class=\"\" >\n                        <!--<h2 class=\"uk-h1 uk-heading-bullet\"><strong>F<\/strong><\/h2>--><h2 class=\"uk-h1 uk-heading-bullet\"><strong>F<\/strong><\/h2><p>Fern\u00e1ndez Garc\u00eda, Celia<\/p><p>Ferrari Tomillo, Paula Margarita<\/p><p>Ferraz, Luciana<\/p><p>Ferreira, Vera<\/p><\/div><div id=\"G\" class=\"\" >\n                        <!--<h2 class=\"uk-h1 uk-heading-bullet\"><strong>G<\/strong><\/h2>--><h2 class=\"uk-h1 uk-heading-bullet\"><strong>G<\/strong><\/h2><p>Garc\u00e9s Ojea, C\u00edes<\/p><p>Garc\u00eda Gabarr\u00f3n, Elizabeth<\/p><p>Garc\u00eda Goicoechea, Itziar<\/p><p>Garc\u00eda Trujillo, Mar\u00eda Ascensi\u00f3n<\/p><p>Garc\u00eda Trujillo, Rafael<\/p><p>Gil Figueira, Vanesa<\/p><p>Gon\u00e7alves de Almeida, Mariana<\/p><p>Gon\u00e7alves Giesteira, Ana Raquel<\/p><p>Gonz\u00e1lez Cant\u00f3n, Almudena<\/p><p>Gonz\u00e1lez P\u00e9rez, Laura<\/p><p>Gras Alcaraz, Terence<\/p><p>Guedes Garcia, Jihane<\/p><p>Guilerherme da Costa, Ligia<\/p><p>Guimar\u00e3es, Marta<\/p><\/div><div id=\"H\" class=\"\" >\n                        <!--<h2 class=\"uk-h1 uk-heading-bullet\"><strong>H<\/strong><\/h2>--><h2 class=\"uk-h1 uk-heading-bullet\"><strong>H<\/strong><\/h2><p>Hammouda, Miriam<\/p><\/div><div id=\"I\" class=\"\" >\n                        <!--<h2 class=\"uk-h1 uk-heading-bullet\"><strong>I<\/strong><\/h2>--><h2 class=\"uk-h1 uk-heading-bullet\"><strong>I<\/strong><\/h2><p>Iglesias Pati\u00f1o, Lucia<\/p><\/div><div id=\"J\" class=\"\" >\n                        <!--<h2 class=\"uk-h1 uk-heading-bullet\"><strong>J<\/strong><\/h2>--><h2 class=\"uk-h1 uk-heading-bullet\"><strong>J<\/strong><\/h2><\/div><div id=\"K\" class=\"\" >\n                        <!--<h2 class=\"uk-h1 uk-heading-bullet\"><strong>K<\/strong><\/h2>--><h2 class=\"uk-h1 uk-heading-bullet\"><strong>K<\/strong><\/h2><\/div><div id=\"L\" class=\"\" >\n                        <!--<h2 class=\"uk-h1 uk-heading-bullet\"><strong>L<\/strong><\/h2>--><h2 class=\"uk-h1 uk-heading-bullet\"><strong>L<\/strong><\/h2><p>Lisotti, Juliane<\/p><p>L\u00f3pez Abril, Esther<\/p><p>L\u00f3pez de San Rom\u00e1n Fern\u00e1ndez, Monica<\/p><p>L\u00f3pez M\u00e1rmol, Mariana Carla<\/p><p>Losqui\u00f1o C\u00e1rcel, Beatriz<\/p><\/div><div id=\"M\" class=\"\" >\n                        <!--<h2 class=\"uk-h1 uk-heading-bullet\"><strong>M<\/strong><\/h2>--><h2 class=\"uk-h1 uk-heading-bullet\"><strong>M<\/strong><\/h2><p>Magalhaes, Liliana<\/p><p>Maia Dores, Ana Jacinta<\/p><p>Maia Silva, Luis Paulo<\/p><p>Marcilla Garc\u00eda, Roc<\/p><p>Mar\u00edn Torres, Mar\u00eda<\/p><p>M\u00e1rquez Ivcevic, Ver\u00f3nica Soledad<\/p><p>Martin P\u00e9rez, Rosario<\/p><p>Mart\u00edn Tar\u00edn, Marian<\/p><p>Mart\u00ednez Ayala, Rogelio<\/p><p>Martins Mandova, Monika<\/p><p>Mateus, Maria Joao<\/p><p>Monteiro da Silva, Alexandre Jorge<\/p><p>Morais, Elsa<\/p><p>Moura Viana, Artemiza<\/p><p>Mouro Otero, Ver\u00f3nica Mar\u00eda<\/p><p>Mozzini, Luciana<\/p><\/div><div id=\"N\" class=\"\" >\n                        <!--<h2 class=\"uk-h1 uk-heading-bullet\"><strong>N<\/strong><\/h2>--><h2 class=\"uk-h1 uk-heading-bullet\"><strong>N<\/strong><\/h2><p>Navarro Le\u00f3n, Maria Raquel<\/p><p>Navarro Le\u00f3n, Monica<\/p><p>Nogueira Miranda, Andreia Alexandra<\/p><\/div><div id=\"\u00d1\" class=\"\" >\n                        <!--<h2 class=\"uk-h1 uk-heading-bullet\"><strong>\u00d1<\/strong><\/h2>--><h2 class=\"uk-h1 uk-heading-bullet\"><strong>\u00d1<\/strong><\/h2><\/div><div id=\"O\" class=\"\" >\n                        <!--<h2 class=\"uk-h1 uk-heading-bullet\"><strong>O<\/strong><\/h2>--><h2 class=\"uk-h1 uk-heading-bullet\"><strong>O<\/strong><\/h2><p>Oliv\u00e9 Freixes, Ana<\/p><p>Oliveira Afonso Monteiro, Natalia Alexandra<\/p><p>Oliveira, Ines<\/p><p>Olmeda Fern\u00e1ndez, M\u00f3nica<\/p><p>Ort\u00e9s Coll, Elisabeth<\/p><\/div><div id=\"P\" class=\"\" >\n                        <!--<h2 class=\"uk-h1 uk-heading-bullet\"><strong>P<\/strong><\/h2>--><h2 class=\"uk-h1 uk-heading-bullet\"><strong>P<\/strong><\/h2><p>Parlad\u00e9 Izquiano, Lourdes<\/p><p>Parra Perea, Antonio Manuel<\/p><p>Pato, Alina<\/p><p>Pe\u00f1a Salguero, Jose Ernesto<\/p><p>Pereira Lu\u00eds, Bruno Jos\u00e9<\/p><p>Pereira Moura, Maria Elisabete<\/p><p>Pereiro Alonso, Diego<\/p><p>P\u00e9rez \u00c1lvarez, Alba Mar\u00eda<\/p><p>P\u00e9rez Ortiz, Pedro<\/p><p>P\u00e9rez Ortiz, Pedro<\/p><p>Pinheirinho, Delfina<\/p><p>Pinto, Maria Joao<\/p><p>Pozo Navarro, Esther<\/p><\/div><div id=\"Q\" class=\"\" >\n                        <!--<h2 class=\"uk-h1 uk-heading-bullet\"><strong>Q<\/strong><\/h2>--><h2 class=\"uk-h1 uk-heading-bullet\"><strong>Q<\/strong><\/h2><\/div><div id=\"R\" class=\"\" >\n                        <!--<h2 class=\"uk-h1 uk-heading-bullet\"><strong>R<\/strong><\/h2>--><h2 class=\"uk-h1 uk-heading-bullet\"><strong>R<\/strong><\/h2><p>Rainho Fernandes, Ana Cristina<\/p><p>Reynes Calvache, Patricio<\/p><p>Ricciardi Opazo, Camila<\/p><p>Riveiro Romero, Jorge<\/p><p>Rocha Valente, Mariana<\/p><p>Rodrigues Craveiro, Alexandra<\/p><p>Rodrigues de Almeida, Margarida<\/p><p>Rodrigues, Ana Rita<\/p><p>Rodrigues, Joao<\/p><p>Rodr\u00edguez Hern\u00e1ndez, Noel Alexander<\/p><p>Rodr\u00edguez Jim\u00e9nez, Lucia<\/p><p>Rodr\u00edguez Oliveira, Francisco<\/p><p>Rodr\u00edguez Rodr\u00edguez, Ignacio<\/p><p>Rubio Campos, Rafael<\/p><p>Rubio Luna, Inma<\/p><p>Ruiz de Castroviejo \u00c1lvarez, Noelia<\/p><p>Ruiz Leal, Carmen<\/p><p>Ruiz Suero, Elisa<\/p><p>Ruiz, Antonio Miguel<\/p><\/div><div id=\"S\" class=\"\" >\n                        <!--<h2 class=\"uk-h1 uk-heading-bullet\"><strong>S<\/strong><\/h2>--><h2 class=\"uk-h1 uk-heading-bullet\"><strong>S<\/strong><\/h2><p>Sa, Diogo<\/p><p>S\u00e1ez Guijoan, Judith<\/p><p>S\u00e1nchez Galv\u00e1n, Roc\u00edo Aurora<\/p><p>Santos Sebastiao, Diana<\/p><p>Silva Ferreira e Oliveira, Miguel Alexandre<\/p><p>Silva, Mara<\/p><\/div><div id=\"T\" class=\"\" >\n                        <!--<h2 class=\"uk-h1 uk-heading-bullet\"><strong>T<\/strong><\/h2>--><h2 class=\"uk-h1 uk-heading-bullet\"><strong>T<\/strong><\/h2><p>Teixeira, Catia<\/p><p>Tobon Wuotto, Sylvana<\/p><\/div><div id=\"V\" class=\"\" >\n                        <!--<h2 class=\"uk-h1 uk-heading-bullet\"><strong>V<\/strong><\/h2>--><h2 class=\"uk-h1 uk-heading-bullet\"><strong>V<\/strong><\/h2><p>Valero Verdaguer, Carla<\/p><p>Valle Ram\u00edrez, Jorge<\/p><p>Vallet Moreno, Alicia<\/p><p>Vicente G\u00f3mez, Javier<\/p><p>Vidal Redondo, Oscar<\/p><p>Vieira, T\u00e2nia<\/p><p>Vilella Romeo, Susana<\/p><p>Vives Reixach, Rafael<\/p><\/div><div id=\"W\" class=\"\" >\n                        <!--<h2 class=\"uk-h1 uk-heading-bullet\"><strong>W<\/strong><\/h2>--><h2 class=\"uk-h1 uk-heading-bullet\"><strong>W<\/strong><\/h2><\/div><div id=\"X\" class=\"\" >\n                        <!--<h2 class=\"uk-h1 uk-heading-bullet\"><strong>X<\/strong><\/h2>--><h2 class=\"uk-h1 uk-heading-bullet\"><strong>X<\/strong><\/h2><\/div><div id=\"Y\" class=\"\" >\n                        <!--<h2 class=\"uk-h1 uk-heading-bullet\"><strong>Y<\/strong><\/h2>--><h2 class=\"uk-h1 uk-heading-bullet\"><strong>Y<\/strong><\/h2><\/div><div id=\"Z\" class=\"\" >\n                        <!--<h2 class=\"uk-h1 uk-heading-bullet\"><strong>Z<\/strong><\/h2>--><h2 class=\"uk-h1 uk-heading-bullet\"><strong>Z<\/strong><\/h2><\/div><\/div>\n<p><!--more--><br \/>\n<!-- {\"type\":\"layout\",\"children\":[{\"name\":\"Baner\",\"type\":\"section\",\"props\":{\"style\":\"default\",\"width\":\"default\",\"image_size\":\"cover\",\"padding_remove_bottom\":false,\"animation_delay\":\"200\",\"image\":\"wp-content\\\/uploads\\\/225483278_559034411776892_6306388096100409020_n.jpg\",\"image_position\":\"center-center\",\"vertical_align\":\"middle\",\"title_position\":\"top-left\",\"title_rotation\":\"left\",\"title_breakpoint\":\"xl\",\"image_parallax_bgy_end\":\"500\",\"image_parallax_breakpoint\":\"m\",\"text_color\":\"light\",\"media_overlay\":\"rgba(249, 161, 67, 0.5)\",\"image_parallax_bgy_start\":\"450\",\"padding\":\"large\",\"header_transparent\":\"light\"},\"children\":[{\"name\":\"\",\"type\":\"row\",\"props\":{\"margin\":\"xlarge\"},\"children\":[{\"name\":\"\",\"type\":\"column\",\"props\":{\"image_position\":\"center-center\",\"width_medium\":\"1-1\",\"media_overlay_gradient\":\"\"},\"children\":[{\"name\":\"\",\"type\":\"headline\",\"props\":{\"title_element\":\"h1\",\"content\":\"CERTIFIED PROFESSORS\",\"title_style\":\"heading-small\"}}]}]}],\"modified\":\"2021-07-20T08:04:41.305Z\"},{\"type\":\"section\",\"props\":{\"style\":\"default\",\"width\":\"default\",\"vertical_align\":\"middle\",\"title_position\":\"top-left\",\"title_rotation\":\"left\",\"title_breakpoint\":\"xl\",\"image_position\":\"center-center\"},\"children\":[{\"type\":\"row\",\"children\":[{\"type\":\"column\",\"props\":{\"image_position\":\"center-center\",\"media_overlay_gradient\":\"\"},\"children\":[{\"type\":\"html\",\"props\":{\"content\":\"[profesores]\"}}]}]}]}],\"version\":\"2.5.4\"} --><\/p>\n","protected":false},"excerpt":{"rendered":"<p>CERTIFIED PROFESSORS<\/p>\n","protected":false},"author":1,"featured_media":0,"parent":0,"menu_order":7,"comment_status":"open","ping_status":"closed","template":"","meta":{"_acf_changed":false,"footnotes":""},"class_list":["post-2479","page","type-page","status-publish","hentry"],"acf":[],"_links":{"self":[{"href":"https:\/\/eedap.com\/en\/wp-json\/wp\/v2\/pages\/2479","targetHints":{"allow":["GET"]}}],"collection":[{"href":"https:\/\/eedap.com\/en\/wp-json\/wp\/v2\/pages"}],"about":[{"href":"https:\/\/eedap.com\/en\/wp-json\/wp\/v2\/types\/page"}],"author":[{"embeddable":true,"href":"https:\/\/eedap.com\/en\/wp-json\/wp\/v2\/users\/1"}],"replies":[{"embeddable":true,"href":"https:\/\/eedap.com\/en\/wp-json\/wp\/v2\/comments?post=2479"}],"version-history":[{"count":4,"href":"https:\/\/eedap.com\/en\/wp-json\/wp\/v2\/pages\/2479\/revisions"}],"predecessor-version":[{"id":2728,"href":"https:\/\/eedap.com\/en\/wp-json\/wp\/v2\/pages\/2479\/revisions\/2728"}],"wp:attachment":[{"href":"https:\/\/eedap.com\/en\/wp-json\/wp\/v2\/media?parent=2479"}],"curies":[{"name":"wp","href":"https:\/\/api.w.org\/{rel}","templated":true}]}}