{"id":1726,"date":"2021-08-17T12:24:58","date_gmt":"2021-08-17T10:24:58","guid":{"rendered":"http:\/\/eedap.com\/?page_id=1726"},"modified":"2021-09-27T17:02:10","modified_gmt":"2021-09-27T15:02:10","slug":"quienes-somos","status":"publish","type":"page","link":"https:\/\/eedap.com\/es\/quienes-somos\/","title":{"rendered":"Quienes somos"},"content":{"rendered":"<h1>Quienes somos<\/h1>\n<ul>\n<li>\n<h3>CURSO DE INSTRUCTOR CERTIFICACI\u00d3N<\/h3>\n<div>\n<p>La Escuela Espa\u00f1ola de Aut\u00e9ntico Pilates (EEDAP) fundada en el 2005 es la asociaci\u00f3n y colaboraci\u00f3n de los centros de Pilates Aut\u00e9ntico tanto a nivel nacional como internacional, formadora de cientos de profesores tanto en Espa\u00f1a como en diferentes pa\u00edses del mundo.<\/p>\n<p>La EEDAP ofrece cursos de formaci\u00f3n profundos y completos que abarcan desde la creaci\u00f3n del M\u00e9todo hasta su fase final, tal y como fue dise\u00f1ado por su creador J.H Pilates y despu\u00e9s por su disc\u00edpula directa Romana Kryzanowska.<\/p>\n<p>La Escuela Espa\u00f1ola est\u00e1 actualmente dirigida por el Sr. Fabien Menegon, certificado por la Sra. Kryzanowska siguiendo su legado y difusi\u00f3n del M\u00e9todo.<\/p>\n<p>Fabien Menegon, reconocido como unos de los mejores profesionales del sector, cuenta con 20 a\u00f1os de experiencia y dedicaci\u00f3n en la ense\u00f1anza del M\u00e9todo y en la formaci\u00f3n de profesores, con la ayuda de sus colaboradores, ha reformado la pedagog\u00eda de ense\u00f1anza de los cursos tradicionales conocidos hasta ahora con el fin de ofrecer a los futuros profesionales un conocimiento preciso del M\u00e9todo, mejorando su rendimiento y adecu\u00e1ndolo a los tiempos modernos sin perder la esencia y exactitud del M\u00e9todo original.<\/p>\n<p>Es por todo ello por lo que la formaci\u00f3n de la Escuela Espa\u00f1ola de Aut\u00e9ntico Pilates est\u00e1 considerada por los profesionales como el curso m\u00e1s completo y extenso tanto a nivel nacional como internacional.<\/p>\n<p>200 horas de formaci\u00f3n te\u00f3rica. Las clases se impartir\u00e1n s\u00e1bado y domingo. (ver fechas). El horario depender\u00e1 del centro en el que se impartan las clases. (consultar centro).<br \/>400 horas de observaci\u00f3n y pr\u00e1cticas. Estas horas se distribuir\u00e1n durante todo el periodo del curso en funci\u00f3n de la disponibilidad de cada alumno y del horario de apertura del estudio (lunes a viernes de 8.00 a 21.00 h). Los alumnos que residan fuera de la localizaci\u00f3n del centro de certificaci\u00f3n tendr\u00e1n la posibilidad de realizar, bajo la tutela de otro profesor, las horas de pr\u00e1ctica y observaci\u00f3n necesarias. Despu\u00e9s de cada seminario, el instructor indicar\u00e1 al alumno c\u00f3mo deber\u00e1 realizar sus pr\u00e1cticas de cara al siguiente seminario y a futuros ex\u00e1menes para mejorar su aprendizaje.<br \/>Manuales. En cada seminario se entregar\u00e1 al alumno un manual que incluye el listado de ejercicios, la posici\u00f3n del profesor, los elementos de observaci\u00f3n necesarios para dise\u00f1ar una clase adecuada para cada cliente, la estructura de cada ejercicio, las patolog\u00edas y morfolog\u00edas a tener en cuenta en el momento de dar la clase, as\u00ed como los aspectos que cada alumno tendr\u00e1 que tener presente en el momento de practicar dicho ejercicio. La totalidad de los manuales forman una enciclopedia del M\u00e9todo Pilates de m\u00e1s de 1.000 p\u00e1ginas para la pr\u00e1ctica correcta del M\u00e9todo.<\/p>\n<\/div>\n<\/li>\n<li>\n<h3>Programa General<\/h3>\n<div>\n<ul type=\"disc\">\n<li><strong>M\u00e1quinas<\/strong>: Reformer, Colchoneta, Cadillac, Sillas, Barriles y Pre-Pilates<br \/>Se estudiar\u00e1n los niveles b\u00e1sico, intermedio y avanzado en cada una de las m\u00e1quinas. Se har\u00e1 entrega de un manual de trabajo para cada nivel, especificando cada ejercicio y sus posibles modificaciones. Se ense\u00f1ar\u00e1 cada uno de los ejercicios con precisi\u00f3n, su biomec\u00e1nica y objetivos y su relaci\u00f3n con otros ejercicios as\u00ed como la l\u00f3gica del M\u00e9todo.<\/li>\n<li><strong>Dise\u00f1o de clases<\/strong>: Se aprender\u00e1 a dise\u00f1ar las clases a partir de las caracter\u00edsticas espec\u00edficas de cada persona (patolog\u00eda, morfolog\u00eda, etc.). Se ense\u00f1ar\u00e1 c\u00f3mo trabajar con personas con diferentes tipos de lesiones.<\/li>\n<li><strong>Observaci\u00f3n:<span>\u00a0<\/span><\/strong>Se ense\u00f1ar\u00e1 a los alumnos c\u00f3mo reconocer las debilidades corporales que podr\u00edan lesionar en un futuro a un cliente, ajustando la clase a su medida, previniendo y elaborando un sistema adecuado para su cuerpo.<\/li>\n<li><strong>Relaci\u00f3n con el cliente<\/strong>: C\u00f3mo dar una clase, c\u00f3mo posicionarse ante el cliente, c\u00f3mo ayudarle en cada movimiento y el uso adecuado de las m\u00e1quinas.<\/li>\n<li><strong>Modificaciones del movimiento<\/strong>: Este concepto es el eje central de la pr\u00e1ctica del M\u00e9todo Pilates. Debido a que \u201ccada persona tiene un cuerpo diferente y unas necesidades diferentes\u201d, es necesario establecer un pro-grama personalizado para cada cliente. Por ello se ense\u00f1ar\u00e1n las variaciones de cada ejercicio con el fin de aprender a adaptarlos a las necesidades de cada cliente.<\/li>\n<li><strong>Morfolog\u00eda corporal y patolog\u00eda articular<\/strong>: Fundamentos de anatom\u00eda<br \/>necesarios para aplicar correctamente el m\u00e9todo Pilates. Se ense\u00f1ar\u00e1 de forma precisa como considera un profesor el cuerpo del cliente y las pautas a aplicar en el momento de encontrarse con lesiones y morfolog\u00edas diversas.<span>\u00a0<\/span><strong>\u00a0<\/strong><\/li>\n<\/ul>\n<\/div>\n<\/li>\n<\/ul>\n<p><!--more--><br \/>\n<!-- {\"type\":\"layout\",\"children\":[{\"name\":\"XP_header_v2\",\"type\":\"section\",\"props\":{\"style\":\"default\",\"width\":\"default\",\"image_size\":\"cover\",\"padding_remove_bottom\":false,\"animation_delay\":\"200\",\"image\":\"wp-content\\\/uploads\\\/DSC2092.jpeg\",\"image_position\":\"center-right\",\"vertical_align\":\"middle\",\"title_position\":\"top-left\",\"title_rotation\":\"left\",\"title_breakpoint\":\"xl\",\"image_parallax_bgy_end\":\"500\",\"image_parallax_breakpoint\":\"m\",\"text_color\":\"light\",\"media_overlay\":\"rgba(249, 161, 67, 0.5)\",\"image_parallax_bgy_start\":\"450\",\"padding\":\"large\",\"header_transparent\":\"light\"},\"children\":[{\"name\":\"\",\"type\":\"row\",\"props\":{\"margin\":\"xlarge\"},\"children\":[{\"name\":\"\",\"type\":\"column\",\"props\":{\"image_position\":\"center-center\",\"width_medium\":\"1-1\",\"media_overlay_gradient\":\"\"},\"children\":[{\"name\":\"\",\"type\":\"headline\",\"props\":{\"title_element\":\"h1\",\"content\":\"Quienes somos\",\"title_style\":\"heading-small\"}}]}]}],\"modified\":\"2021-08-17T10:28:48.159Z\"},{\"type\":\"section\",\"props\":{\"style\":\"default\",\"width\":\"default\",\"vertical_align\":\"middle\",\"title_position\":\"top-left\",\"title_rotation\":\"left\",\"title_breakpoint\":\"xl\",\"image_position\":\"center-center\",\"id\":\"Informacion\"},\"children\":[{\"type\":\"row\",\"children\":[{\"type\":\"column\",\"props\":{\"image_position\":\"center-center\",\"media_overlay_gradient\":\"\",\"text_color\":\"dark\"},\"children\":[{\"type\":\"grid\",\"props\":{\"show_title\":true,\"show_meta\":true,\"show_content\":true,\"show_image\":true,\"show_link\":true,\"grid_default\":\"1\",\"grid_medium\":\"\",\"filter_style\":\"tab\",\"filter_all\":true,\"filter_position\":\"top\",\"filter_align\":\"left\",\"filter_grid_width\":\"auto\",\"filter_grid_breakpoint\":\"m\",\"title_hover_style\":\"reset\",\"title_element\":\"h3\",\"title_align\":\"top\",\"title_grid_width\":\"1-2\",\"title_grid_breakpoint\":\"m\",\"meta_style\":\"meta\",\"meta_align\":\"below-title\",\"meta_element\":\"div\",\"content_column_breakpoint\":\"m\",\"icon_width\":80,\"image_align\":\"top\",\"image_grid_width\":\"1-2\",\"image_grid_breakpoint\":\"m\",\"image_svg_color\":\"emphasis\",\"link_text\":\"\",\"link_style\":\"default\",\"margin\":\"default\",\"item_animation\":true,\"panel_style\":\"card-default\",\"lightbox\":true,\"panel_link\":true,\"title_link\":true,\"title_color\":\"muted\"},\"children\":[{\"type\":\"grid_item\",\"props\":{\"title\":\"CURSO DE INSTRUCTOR CERTIFICACI\\u00d3N\",\"content\":\"\n\n<p>La Escuela Espa\\u00f1ola de Aut\\u00e9ntico Pilates (EEDAP) fundada en el 2005 es la asociaci\\u00f3n y colaboraci\\u00f3n de los centros de Pilates Aut\\u00e9ntico tanto a nivel nacional como internacional, formadora de cientos de profesores tanto en Espa\\u00f1a como en diferentes pa\\u00edses del mundo.<\\\/p>\\n\n\n<p>La EEDAP ofrece cursos de formaci\\u00f3n profundos y completos que abarcan desde la creaci\\u00f3n del M\\u00e9todo hasta su fase final, tal y como fue dise\\u00f1ado por su creador J.H Pilates y despu\\u00e9s por su disc\\u00edpula directa Romana Kryzanowska.<\\\/p>\\n\n\n<p>La Escuela Espa\\u00f1ola est\\u00e1 actualmente dirigida por el Sr. Fabien Menegon, certificado por la Sra. Kryzanowska siguiendo su legado y difusi\\u00f3n del M\\u00e9todo.<\\\/p>\\n\n\n<p>Fabien Menegon, reconocido como unos de los mejores profesionales del sector, cuenta con 20 a\\u00f1os de experiencia y dedicaci\\u00f3n en la ense\\u00f1anza del M\\u00e9todo y en la formaci\\u00f3n de profesores, con la ayuda de sus colaboradores, ha reformado la pedagog\\u00eda de ense\\u00f1anza de los cursos tradicionales conocidos hasta ahora con el fin de ofrecer a los futuros profesionales un conocimiento preciso del M\\u00e9todo, mejorando su rendimiento y adecu\\u00e1ndolo a los tiempos modernos sin perder la esencia y exactitud del M\\u00e9todo original.<\\\/p>\\n\n\n<p>Es por todo ello por lo que la formaci\\u00f3n de la Escuela Espa\\u00f1ola de Aut\\u00e9ntico Pilates est\\u00e1 considerada por los profesionales como el curso m\\u00e1s completo y extenso tanto a nivel nacional como internacional.<\\\/p>\\n\n\n<p>200 horas de formaci\\u00f3n te\\u00f3rica. Las clases se impartir\\u00e1n s\\u00e1bado y domingo. (ver fechas). El horario depender\\u00e1 del centro en el que se impartan las clases. (consultar centro).<br \\\/>400 horas de observaci\\u00f3n y pr\\u00e1cticas. Estas horas se distribuir\\u00e1n durante todo el periodo del curso en funci\\u00f3n de la disponibilidad de cada alumno y del horario de apertura del estudio (lunes a viernes de 8.00 a 21.00 h). Los alumnos que residan fuera de la localizaci\\u00f3n del centro de certificaci\\u00f3n tendr\\u00e1n la posibilidad de realizar, bajo la tutela de otro profesor, las horas de pr\\u00e1ctica y observaci\\u00f3n necesarias. Despu\\u00e9s de cada seminario, el instructor indicar\\u00e1 al alumno c\\u00f3mo deber\\u00e1 realizar sus pr\\u00e1cticas de cara al siguiente seminario y a futuros ex\\u00e1menes para mejorar su aprendizaje.<br \\\/>Manuales. En cada seminario se entregar\\u00e1 al alumno un manual que incluye el listado de ejercicios, la posici\\u00f3n del profesor, los elementos de observaci\\u00f3n necesarios para dise\\u00f1ar una clase adecuada para cada cliente, la estructura de cada ejercicio, las patolog\\u00edas y morfolog\\u00edas a tener en cuenta en el momento de dar la clase, as\\u00ed como los aspectos que cada alumno tendr\\u00e1 que tener presente en el momento de practicar dicho ejercicio. La totalidad de los manuales forman una enciclopedia del M\\u00e9todo Pilates de m\\u00e1s de 1.000 p\\u00e1ginas para la pr\\u00e1ctica correcta del M\\u00e9todo.<\\\/p>\"}},{\"type\":\"grid_item\",\"props\":{\"title\":\"Programa General\",\"content\":\"\n\n<ul type=\\\"disc\\\">\\n\n\n<li><strong>M\\u00e1quinas<\\\/strong>: Reformer, Colchoneta, Cadillac, Sillas, Barriles y Pre-Pilates<br \\\/>Se estudiar\\u00e1n los niveles b\\u00e1sico, intermedio y avanzado en cada una de las m\\u00e1quinas. Se har\\u00e1 entrega de un manual de trabajo para cada nivel, especificando cada ejercicio y sus posibles modificaciones. Se ense\\u00f1ar\\u00e1 cada uno de los ejercicios con precisi\\u00f3n, su biomec\\u00e1nica y objetivos y su relaci\\u00f3n con otros ejercicios as\\u00ed como la l\\u00f3gica del M\\u00e9todo.<\\\/li>\\n\n\n<li><strong>Dise\\u00f1o de clases<\\\/strong>: Se aprender\\u00e1 a dise\\u00f1ar las clases a partir de las caracter\\u00edsticas espec\\u00edficas de cada persona (patolog\\u00eda, morfolog\\u00eda, etc.). Se ense\\u00f1ar\\u00e1 c\\u00f3mo trabajar con personas con diferentes tipos de lesiones.<\\\/li>\\n\n\n<li><strong>Observaci\\u00f3n:<span>\\u00a0<\\\/span><\\\/strong>Se ense\\u00f1ar\\u00e1 a los alumnos c\\u00f3mo reconocer las debilidades corporales que podr\\u00edan lesionar en un futuro a un cliente, ajustando la clase a su medida, previniendo y elaborando un sistema adecuado para su cuerpo.<\\\/li>\\n\n\n<li><strong>Relaci\\u00f3n con el cliente<\\\/strong>: C\\u00f3mo dar una clase, c\\u00f3mo posicionarse ante el cliente, c\\u00f3mo ayudarle en cada movimiento y el uso adecuado de las m\\u00e1quinas.<\\\/li>\\n\n\n<li><strong>Modificaciones del movimiento<\\\/strong>: Este concepto es el eje central de la pr\\u00e1ctica del M\\u00e9todo Pilates. Debido a que \\u201ccada persona tiene un cuerpo diferente y unas necesidades diferentes\\u201d, es necesario establecer un pro-grama personalizado para cada cliente. Por ello se ense\\u00f1ar\\u00e1n las variaciones de cada ejercicio con el fin de aprender a adaptarlos a las necesidades de cada cliente.<\\\/li>\\n\n\n<li><strong>Morfolog\\u00eda corporal y patolog\\u00eda articular<\\\/strong>: Fundamentos de anatom\\u00eda<br \\\/>necesarios para aplicar correctamente el m\\u00e9todo Pilates. Se ense\\u00f1ar\\u00e1 de forma precisa como considera un profesor el cuerpo del cliente y las pautas a aplicar en el momento de encontrarse con lesiones y morfolog\\u00edas diversas.<span>\\u00a0<\\\/span><strong>\\u00a0<\\\/strong><\\\/li>\\n<\\\/ul>\"}}]}]}]}],\"name\":\"XP_reordenar_a_quienes_somos\",\"modified\":\"2021-08-17T10:29:30.712Z\"}],\"version\":\"2.5.4\"} --><\/p>\n","protected":false},"excerpt":{"rendered":"<p>Quienes somos CURSO DE INSTRUCTOR CERTIFICACI\u00d3N La Escuela Espa\u00f1ola de Aut\u00e9ntico Pilates (EEDAP) fundada en el 2005 es la asociaci\u00f3n y colaboraci\u00f3n de los centros de Pilates Aut\u00e9ntico tanto a nivel nacional como internacional, formadora de cientos de profesores tanto en Espa\u00f1a como en diferentes pa\u00edses del mundo. La EEDAP ofrece cursos de formaci\u00f3n profundos [&hellip;]<\/p>\n","protected":false},"author":1,"featured_media":0,"parent":0,"menu_order":2,"comment_status":"closed","ping_status":"closed","template":"","meta":{"_acf_changed":false,"footnotes":""},"class_list":["post-1726","page","type-page","status-publish","hentry"],"acf":[],"_links":{"self":[{"href":"https:\/\/eedap.com\/es\/wp-json\/wp\/v2\/pages\/1726","targetHints":{"allow":["GET"]}}],"collection":[{"href":"https:\/\/eedap.com\/es\/wp-json\/wp\/v2\/pages"}],"about":[{"href":"https:\/\/eedap.com\/es\/wp-json\/wp\/v2\/types\/page"}],"author":[{"embeddable":true,"href":"https:\/\/eedap.com\/es\/wp-json\/wp\/v2\/users\/1"}],"replies":[{"embeddable":true,"href":"https:\/\/eedap.com\/es\/wp-json\/wp\/v2\/comments?post=1726"}],"version-history":[{"count":5,"href":"https:\/\/eedap.com\/es\/wp-json\/wp\/v2\/pages\/1726\/revisions"}],"predecessor-version":[{"id":1941,"href":"https:\/\/eedap.com\/es\/wp-json\/wp\/v2\/pages\/1726\/revisions\/1941"}],"wp:attachment":[{"href":"https:\/\/eedap.com\/es\/wp-json\/wp\/v2\/media?parent=1726"}],"curies":[{"name":"wp","href":"https:\/\/api.w.org\/{rel}","templated":true}]}}