{"id":1735,"date":"2021-08-17T12:31:18","date_gmt":"2021-08-17T10:31:18","guid":{"rendered":"http:\/\/eedap.com\/?page_id=1735"},"modified":"2026-04-14T22:30:59","modified_gmt":"2026-04-14T20:30:59","slug":"talleres","status":"publish","type":"page","link":"https:\/\/eedap.com\/es\/talleres\/","title":{"rendered":"Talleres"},"content":{"rendered":"<h1>Talleres<\/h1>\n<ul>\n<li>\n<div>\n<p>\n  <iframe loading=\"lazy\" width=\"300\" height=\"150\" src=\"https:\/\/www.youtube.com\/embed\/tybOBsFz2Uo?si=pzXS3IZcCnK2K3pw\" title=\"YouTube video player\" frameborder=\"0\" allow=\"accelerometer; autoplay; clipboard-write; encrypted-media; gyroscope; picture-in-picture; web-share\" referrerpolicy=\"strict-origin-when-cross-origin\" allowfullscreen><\/iframe>\n<\/p>\n<p>1 TEMPO Presentaci\u00f3n Evento y Workshop 1. Los bloques de trabajo del M\u00e9todo Pilates<\/p>\n<\/div>\n<\/li>\n<li>\n<div>\n<p>\n<iframe loading=\"lazy\" width=\"300\" height=\"150\" src=\"https:\/\/www.youtube.com\/embed\/2HarRLk8iHM?si=mGXoZWOrgwGhRDKm\" title=\"YouTube video player\" frameborder=\"0\" allow=\"accelerometer; autoplay; clipboard-write; encrypted-media; gyroscope; picture-in-picture; web-share\" referrerpolicy=\"strict-origin-when-cross-origin\" allowfullscreen><\/iframe>\n<\/p>\n<p>2 TEMPO Workshop 1. Los bloques de trabajo del M\u00e9todo Pilates<\/p>\n<\/div>\n<\/li>\n<li>\n<div>\n<p>\n<iframe loading=\"lazy\" width=\"300\" height=\"150\" src=\"https:\/\/www.youtube.com\/embed\/mnKzNCAefoY?si=-O-ygHGiaTMFUS2R\" title=\"YouTube video player\" frameborder=\"0\" allow=\"accelerometer; autoplay; clipboard-write; encrypted-media; gyroscope; picture-in-picture; web-share\" referrerpolicy=\"strict-origin-when-cross-origin\" allowfullscreen><\/iframe>\n<\/p>\n<p>03 TEMPO Presentaci\u00f3n Workshop 2 Sistema Rehabilitaci\u00f3n para cada cliente<\/p>\n<\/div>\n<\/li>\n<li>\n<div>\n<p>\n<iframe loading=\"lazy\" width=\"300\" height=\"150\" src=\"https:\/\/www.youtube.com\/embed\/f_a8gw6KC6g?si=8dwCErWBPsxLDqLT\" title=\"YouTube video player\" frameborder=\"0\" allow=\"accelerometer; autoplay; clipboard-write; encrypted-media; gyroscope; picture-in-picture; web-share\" referrerpolicy=\"strict-origin-when-cross-origin\" allowfullscreen><\/iframe>\n<\/p>\n<p>04 TEMPO Workshop 2 Construcci\u00f3n de un sistema rehabilitador para cada cliente<\/p>\n<\/div>\n<\/li>\n<li>\n<div>\n<p>\n<iframe loading=\"lazy\" width=\"300\" height=\"150\" src=\"https:\/\/www.youtube.com\/embed\/moWOsTvVxnw?si=-RiN_sky2UgLKcRQ\" title=\"YouTube video player\" frameborder=\"0\" allow=\"accelerometer; autoplay; clipboard-write; encrypted-media; gyroscope; picture-in-picture; web-share\" referrerpolicy=\"strict-origin-when-cross-origin\" allowfullscreen><\/iframe>\n<\/p>\n<p>05 TEMPO Presentaci\u00f3n Workshop 3 Finales de clases<\/p>\n<\/div>\n<\/li>\n<li>\n<div>\n<p>\n<iframe loading=\"lazy\" width=\"300\" height=\"150\" src=\"https:\/\/www.youtube.com\/embed\/en_Y5NfhINM?si=TjjaSn7wSZ9VIatY\" title=\"YouTube video player\" frameborder=\"0\" allow=\"accelerometer; autoplay; clipboard-write; encrypted-media; gyroscope; picture-in-picture; web-share\" referrerpolicy=\"strict-origin-when-cross-origin\" allowfullscreen><\/iframe>\n<\/p>\n<p>06 TEMPO Workshop 3 Finales de clases<\/p>\n<\/div>\n<\/li>\n<\/ul>\n<hr>\n<p><img decoding=\"async\" src=\"\/wp-content\/uploads\/IMG_2013.jpg\" alt=\"\"><br \/>\n<img decoding=\"async\" src=\"\/wp-content\/uploads\/IMG_1333.jpeg\" alt=\"\"><br \/>\n<img decoding=\"async\" src=\"\/wp-content\/uploads\/IMG_1334.jpg\" alt=\"\"><\/p>\n<p><!--more--><br \/>\n<!-- {\"children\":[{\"name\":\"XP_header_v2\",\"type\":\"section\",\"props\":{\"style\":\"default\",\"width\":\"default\",\"image_size\":\"cover\",\"padding_remove_bottom\":false,\"animation_delay\":\"200\",\"image\":\"wp-content\\\/uploads\\\/color_recortada.png\",\"image_position\":\"top-center\",\"vertical_align\":\"middle\",\"title_position\":\"top-left\",\"title_rotation\":\"left\",\"title_breakpoint\":\"xl\",\"image_parallax_breakpoint\":\"m\",\"text_color\":\"light\",\"media_overlay\":\"rgba(249, 161, 67, 0.5)\",\"padding\":\"large\",\"header_transparent\":\"light\",\"image_parallax_bgy\":\"450,500\"},\"children\":[{\"name\":\"\",\"type\":\"row\",\"props\":{\"margin\":\"xlarge\"},\"children\":[{\"name\":\"\",\"type\":\"column\",\"props\":{\"image_position\":\"center-center\",\"width_medium\":\"1-1\",\"media_overlay_gradient\":\"\",\"position_sticky_breakpoint\":\"m\"},\"children\":[{\"name\":\"\",\"type\":\"headline\",\"props\":{\"title_element\":\"h1\",\"content\":\"Talleres\",\"title_style\":\"heading-small\"}}]}]}],\"modified\":\"2021-08-17T10:28:48.159Z\"},{\"type\":\"section\",\"props\":{\"style\":\"default\",\"width\":\"default\",\"vertical_align\":\"middle\",\"title_position\":\"top-left\",\"title_rotation\":\"left\",\"title_breakpoint\":\"xl\",\"image_position\":\"center-center\"},\"children\":[{\"type\":\"row\",\"children\":[{\"type\":\"column\",\"props\":{\"image_position\":\"center-center\",\"media_overlay_gradient\":\"\",\"position_sticky_breakpoint\":\"m\"},\"children\":[{\"type\":\"panel-slider\",\"props\":{\"show_title\":true,\"show_meta\":true,\"show_content\":true,\"show_image\":true,\"show_link\":true,\"slider_width\":\"fixed\",\"slider_width_default\":\"1-1\",\"slider_width_medium\":\"1-3\",\"slider_gap\":\"default\",\"slider_autoplay_pause\":true,\"nav\":\"dotnav\",\"nav_align\":\"center\",\"nav_breakpoint\":\"s\",\"slidenav\":\"outside\",\"slidenav_margin\":\"medium\",\"slidenav_breakpoint\":\"xl\",\"slidenav_outside_breakpoint\":\"xl\",\"panel_card_match\":true,\"title_hover_style\":\"reset\",\"title_element\":\"h3\",\"title_align\":\"top\",\"title_grid_width\":\"1-2\",\"title_grid_breakpoint\":\"m\",\"meta_style\":\"text-meta\",\"meta_align\":\"below-title\",\"meta_element\":\"div\",\"content_column_breakpoint\":\"m\",\"icon_width\":80,\"image_align\":\"top\",\"image_grid_width\":\"1-2\",\"image_grid_breakpoint\":\"m\",\"image_svg_color\":\"emphasis\",\"link_text\":\"Read more\",\"link_style\":\"default\",\"margin\":\"default\"},\"children\":[{\"type\":\"panel-slider_item\",\"props\":{\"link\":\"\",\"content\":\"\n\n<p>\\n  <iframe width=\\\"300\\\" height=\\\"150\\\" src=\\\"https:\\\/\\\/www.youtube.com\\\/embed\\\/tybOBsFz2Uo?si=pzXS3IZcCnK2K3pw\\\" title=\\\"YouTube video player\\\" frameborder=\\\"0\\\" allow=\\\"accelerometer; autoplay; clipboard-write; encrypted-media; gyroscope; picture-in-picture; web-share\\\" referrerpolicy=\\\"strict-origin-when-cross-origin\\\" allowfullscreen><\\\/iframe>\\n<\\\/p>\\n\n\n<p>1 TEMPO Presentaci\\u00f3n Evento y Workshop 1. Los bloques de trabajo del M\\u00e9todo Pilates<\\\/p>\"}},{\"type\":\"panel-slider_item\",\"props\":{\"content\":\"\n\n<p>\\n<iframe width=\\\"300\\\" height=\\\"150\\\" src=\\\"https:\\\/\\\/www.youtube.com\\\/embed\\\/2HarRLk8iHM?si=mGXoZWOrgwGhRDKm\\\" title=\\\"YouTube video player\\\" frameborder=\\\"0\\\" allow=\\\"accelerometer; autoplay; clipboard-write; encrypted-media; gyroscope; picture-in-picture; web-share\\\" referrerpolicy=\\\"strict-origin-when-cross-origin\\\" allowfullscreen><\\\/iframe>\\n<\\\/p>\\n\n\n<p>2 TEMPO Workshop 1. Los bloques de trabajo del M\\u00e9todo Pilates<\\\/p>\"}},{\"type\":\"panel-slider_item\",\"props\":{\"content\":\"\n\n<p>\\n<iframe width=\\\"300\\\" height=\\\"150\\\" src=\\\"https:\\\/\\\/www.youtube.com\\\/embed\\\/mnKzNCAefoY?si=-O-ygHGiaTMFUS2R\\\" title=\\\"YouTube video player\\\" frameborder=\\\"0\\\" allow=\\\"accelerometer; autoplay; clipboard-write; encrypted-media; gyroscope; picture-in-picture; web-share\\\" referrerpolicy=\\\"strict-origin-when-cross-origin\\\" allowfullscreen><\\\/iframe>\\n<\\\/p>\\n\n\n<p>03 TEMPO Presentaci\\u00f3n Workshop 2 Sistema Rehabilitaci\\u00f3n para cada cliente<\\\/p>\"}},{\"type\":\"panel-slider_item\",\"props\":{\"content\":\"\n\n<p>\\n<iframe width=\\\"300\\\" height=\\\"150\\\" src=\\\"https:\\\/\\\/www.youtube.com\\\/embed\\\/f_a8gw6KC6g?si=8dwCErWBPsxLDqLT\\\" title=\\\"YouTube video player\\\" frameborder=\\\"0\\\" allow=\\\"accelerometer; autoplay; clipboard-write; encrypted-media; gyroscope; picture-in-picture; web-share\\\" referrerpolicy=\\\"strict-origin-when-cross-origin\\\" allowfullscreen><\\\/iframe>\\n<\\\/p>\\n\n\n<p>04 TEMPO Workshop 2 Construcci\\u00f3n de un sistema rehabilitador para cada cliente<\\\/p>\"}},{\"type\":\"panel-slider_item\",\"props\":{\"content\":\"\n\n<p>\\n<iframe width=\\\"300\\\" height=\\\"150\\\" src=\\\"https:\\\/\\\/www.youtube.com\\\/embed\\\/moWOsTvVxnw?si=-RiN_sky2UgLKcRQ\\\" title=\\\"YouTube video player\\\" frameborder=\\\"0\\\" allow=\\\"accelerometer; autoplay; clipboard-write; encrypted-media; gyroscope; picture-in-picture; web-share\\\" referrerpolicy=\\\"strict-origin-when-cross-origin\\\" allowfullscreen><\\\/iframe>\\n<\\\/p>\\n\n\n<p>05 TEMPO Presentaci\\u00f3n Workshop 3 Finales de clases<\\\/p>\"}},{\"type\":\"panel-slider_item\",\"props\":{\"content\":\"\n\n<p>\\n<iframe width=\\\"300\\\" height=\\\"150\\\" src=\\\"https:\\\/\\\/www.youtube.com\\\/embed\\\/en_Y5NfhINM?si=TjjaSn7wSZ9VIatY\\\" title=\\\"YouTube video player\\\" frameborder=\\\"0\\\" allow=\\\"accelerometer; autoplay; clipboard-write; encrypted-media; gyroscope; picture-in-picture; web-share\\\" referrerpolicy=\\\"strict-origin-when-cross-origin\\\" allowfullscreen><\\\/iframe>\\n<\\\/p>\\n\n\n<p>06 TEMPO Workshop 3 Finales de clases<\\\/p>\"}}]},{\"type\":\"divider\",\"props\":{\"divider_element\":\"hr\"}},{\"type\":\"image\",\"props\":{\"margin\":\"default\",\"image_svg_color\":\"emphasis\",\"image\":\"wp-content\\\/uploads\\\/IMG_2013.jpg\",\"image_width\":\"700\"}},{\"type\":\"image\",\"props\":{\"margin\":\"default\",\"image_svg_color\":\"emphasis\",\"image\":\"wp-content\\\/uploads\\\/IMG_1333.jpeg\",\"image_width\":\"700\"}}]}]},{\"type\":\"row\",\"children\":[{\"type\":\"column\",\"props\":{\"image_position\":\"center-center\",\"media_overlay_gradient\":\"\",\"position_sticky_breakpoint\":\"m\"},\"children\":[{\"type\":\"image\",\"props\":{\"margin\":\"default\",\"image_svg_color\":\"emphasis\",\"image\":\"wp-content\\\/uploads\\\/IMG_1334.jpg\",\"image_width\":\"700\"}}]}]},{\"type\":\"row\",\"children\":[{\"type\":\"column\",\"props\":{\"image_position\":\"center-center\",\"media_overlay_gradient\":\"\",\"position_sticky_breakpoint\":\"m\"},\"children\":[]}]}]}],\"version\":\"3.0.5\",\"type\":\"layout\"} --><\/p>\n","protected":false},"excerpt":{"rendered":"<p>Talleres 1 TEMPO Presentaci\u00f3n Evento y Workshop 1. Los bloques de trabajo del M\u00e9todo Pilates 2 TEMPO Workshop 1. Los bloques de trabajo del M\u00e9todo Pilates 03 TEMPO Presentaci\u00f3n Workshop 2 Sistema Rehabilitaci\u00f3n para cada cliente 04 TEMPO Workshop 2 Construcci\u00f3n de un sistema rehabilitador para cada cliente 05 TEMPO Presentaci\u00f3n Workshop 3 Finales de [&hellip;]<\/p>\n","protected":false},"author":1,"featured_media":0,"parent":0,"menu_order":8,"comment_status":"closed","ping_status":"closed","template":"","meta":{"_acf_changed":false,"footnotes":""},"class_list":["post-1735","page","type-page","status-publish","hentry"],"acf":[],"_links":{"self":[{"href":"https:\/\/eedap.com\/es\/wp-json\/wp\/v2\/pages\/1735","targetHints":{"allow":["GET"]}}],"collection":[{"href":"https:\/\/eedap.com\/es\/wp-json\/wp\/v2\/pages"}],"about":[{"href":"https:\/\/eedap.com\/es\/wp-json\/wp\/v2\/types\/page"}],"author":[{"embeddable":true,"href":"https:\/\/eedap.com\/es\/wp-json\/wp\/v2\/users\/1"}],"replies":[{"embeddable":true,"href":"https:\/\/eedap.com\/es\/wp-json\/wp\/v2\/comments?post=1735"}],"version-history":[{"count":13,"href":"https:\/\/eedap.com\/es\/wp-json\/wp\/v2\/pages\/1735\/revisions"}],"predecessor-version":[{"id":5758,"href":"https:\/\/eedap.com\/es\/wp-json\/wp\/v2\/pages\/1735\/revisions\/5758"}],"wp:attachment":[{"href":"https:\/\/eedap.com\/es\/wp-json\/wp\/v2\/media?parent=1735"}],"curies":[{"name":"wp","href":"https:\/\/api.w.org\/{rel}","templated":true}]}}