{"id":20,"date":"2019-05-10T09:37:28","date_gmt":"2019-05-10T07:37:28","guid":{"rendered":"http:\/\/eedap.com\/?p=20"},"modified":"2021-09-27T17:02:18","modified_gmt":"2021-09-27T15:02:18","slug":"director","status":"publish","type":"page","link":"https:\/\/eedap.com\/es\/director\/","title":{"rendered":"Director"},"content":{"rendered":"<h1>Director<\/h1>\n<h1>FABIEN MENEGON<\/h1>\n<div>\n<p>Nacido en Francia, Fabien Menegon se ha dedicado desde muy joven al cultivo de la destreza f\u00edsico-corporal. Su primer contacto con el M\u00e9todo Aut\u00e9ntico Pilates, espec\u00edficamente en La Haya en Holanda, fue mientras trabajaba como bailar\u00edn de ballet reconocido internacionalmente en los a\u00f1os 90. En 2001, Fabien fue certificado como profesor en el centro de certificaci\u00f3n Authentic Pilates &#x2122; en Seattle.<\/p>\n<p>En los Estados Unidos, perfeccion\u00f3 sus conocimientos impartiendo clases en el estudio de Dorothee VandeWalle, Metropolitan Pilates. Posteriormente, en la ciudad de Nueva York, estudi\u00f3 y fue tutorizado por descendientes directos de Joseph Pilates, Romana Kryzanowska y Sari Pace Mej\u00eda. Poco despu\u00e9s, mientras trabajaba en el Estudio El Arte del Control de Barcelona, Fabien empez\u00f3 a colaborar en la formaci\u00f3n de nuevos profesores y en el desarrollo y difusi\u00f3n del M\u00e9todo.<\/p>\n<\/div>\n<div>\n<p>    <iframe loading=\"lazy\" width=\"100%\" height=\"315\" src=\"https:\/\/www.youtube.com\/embed\/qNNG5HUGbdw\" title=\"YouTube video player\" frameborder=\"0\" allow=\"accelerometer; autoplay; clipboard-write; encrypted-media; gyroscope; picture-in-picture\" allowfullscreen><\/iframe>\n<\/div>\n<div>\n<p>En 2003, como miembro fundador de la asociaci\u00f3n espa\u00f1ola de profesores del M\u00e9todo Pilates, decidi\u00f3 abrir &#8220;Centre Pilates Barcelona&#8221; en el coraz\u00f3n de la ciudad. Desde entonces, ha impartido m\u00e1s de 50.000 clases a particulares que van desde deportistas de alto nivel hasta personas con diversas patolog\u00edas convirti\u00e9ndolo en uno de los profesores m\u00e1s experimentados y cotizados del sector.<\/p>\n<\/div>\n<div>\n<p>En 2004, Fabien fund\u00f3 la EEDAP (Escuela Espa\u00f1ola De Aut\u00e9ntico Pilates) que ofrece cursos de certificaci\u00f3n para futuros profesionales en el M\u00e9todo Aut\u00e9ntico. Cientos de profesionales de todo el mundo se han certificado en su escuela con ubicaciones que ahora se extienden m\u00e1s all\u00e1 de Barcelona e incluyen Sevilla, Vigo y Oporto (Portugal).<\/p>\n<p>Bajo la direcci\u00f3n de Fabien Menegon, la escuela ofrece seminarios destinados a ayudar a los profesionales en temas como &#8220;Pilates y escoliosis&#8221;, &#8220;Pilates y embarazo&#8221; y &#8220;Pilates y sistema respiratorio&#8221;, adem\u00e1s de participar en convenciones internacionales en Europa y Sudam\u00e9rica. En 2016, cofund\u00f3 &#8220;Uno Pilates Method&#8221; y comenz\u00f3 a grabar videos en ingl\u00e9s, franc\u00e9s y espa\u00f1ol en el aclamado sitio web, &#8220;Pilatesology&#8221;, un esfuerzo que contin\u00faa en la actualidad.<\/p>\n<p>M\u00e1s recientemente, Fabien comenz\u00f3 a producir episodios web dise\u00f1ados para ayudar a los profesionales en su pr\u00e1ctica. Estos &#8220;Tips Videos&#8221; se pueden ver en el canal de YouTube de EEDAP y en Instagram sin cargo.<\/p>\n<\/div>\n<div>\n<p>Fabien Menegon estudi\u00f3 ballet en el Conservatorio Nacional de Danza de Picardie, la \u00d3pera de Par\u00eds y con Rosella Hightower despu\u00e9s de un breve per\u00edodo como gimnasta atl\u00e9tica. Fabien recibi\u00f3 medallas de oro tanto en el Concurso Nacional Franc\u00e9s de gimnasia atl\u00e9tica como bailar\u00edn en el Conservatorio de Picardie. Luego actu\u00f3 con la \u00d3pera de Par\u00eds, la Compa\u00f1\u00eda Comunal de Trieste (Italia), el Ballet Scapino (Pa\u00edses Bajos) y el Lanonima Imperial para el Teatro Nacional de Catalu\u00f1a. Ha realizado ballets coreografiados por George Balanchine, Marius Petipa, Serge Lifar, Claude Bessy, Maurice B\u00e9jart, Ji\u0159\u00ed Kilian, Ed Wubbe, Itzik Galili, Richard Werlock y Rudolf Nureyev, a menudo bailando con Nureyev. Como bailar\u00edn, realiz\u00f3 numerosas giras por Europa, Jap\u00f3n, Egipto, Estados Unidos y Reino Unido.<\/p>\n<\/div>\n<div>\n<p>Fabien Menegon es actualmente uno de los instructores de profesionales m\u00e1s codiciados que trabajan en el M\u00e9todo Aut\u00e9ntico de Pilates a nivel mundial.<\/p>\n<\/div>\n<p><!--more--><br \/>\n<!-- {\"type\":\"layout\",\"children\":[{\"name\":\"XP_header_v1\",\"type\":\"section\",\"props\":{\"style\":\"default\",\"width\":\"default\",\"image_size\":\"cover\",\"padding_remove_bottom\":false,\"animation_delay\":\"200\",\"image\":\"wp-content\\\/uploads\\\/DSC1971.jpeg\",\"image_position\":\"top-center\",\"vertical_align\":\"middle\",\"title_position\":\"top-left\",\"title_rotation\":\"left\",\"title_breakpoint\":\"xl\",\"image_parallax_bgy_end\":\"500\",\"image_parallax_breakpoint\":\"m\",\"text_color\":\"light\",\"media_overlay\":\"rgba(249, 161, 67, 0.5)\",\"image_parallax_bgy_start\":\"450\",\"padding\":\"large\",\"header_transparent\":\"light\"},\"children\":[{\"name\":\"\",\"type\":\"row\",\"props\":{\"margin\":\"xlarge\"},\"children\":[{\"name\":\"\",\"type\":\"column\",\"props\":{\"image_position\":\"center-center\",\"width_medium\":\"1-1\",\"media_overlay_gradient\":\"\"},\"children\":[{\"name\":\"\",\"type\":\"headline\",\"props\":{\"title_element\":\"h1\",\"content\":\"Director\",\"title_style\":\"heading-small\"}}]}]}],\"modified\":\"2021-08-09T12:47:51.079Z\"},{\"type\":\"section\",\"props\":{\"style\":\"default\",\"width\":\"default\",\"vertical_align\":\"middle\",\"title_position\":\"top-left\",\"title_rotation\":\"left\",\"title_breakpoint\":\"xl\",\"image_position\":\"center-center\"},\"children\":[{\"type\":\"row\",\"children\":[{\"type\":\"column\",\"props\":{\"image_position\":\"center-center\",\"media_overlay_gradient\":\"\",\"width_medium\":\"1-2\",\"vertical_align\":\"bottom\"},\"children\":[{\"type\":\"headline\",\"props\":{\"title_element\":\"h1\",\"content\":\"FABIEN MENEGON\"}},{\"type\":\"text\",\"props\":{\"margin\":\"default\",\"column_breakpoint\":\"m\",\"content\":\"\n\n<p>Nacido en Francia, Fabien Menegon se ha dedicado desde muy joven al cultivo de la destreza f\\u00edsico-corporal. Su primer contacto con el M\\u00e9todo Aut\\u00e9ntico Pilates, espec\\u00edficamente en La Haya en Holanda, fue mientras trabajaba como bailar\\u00edn de ballet reconocido internacionalmente en los a\\u00f1os 90. En 2001, Fabien fue certificado como profesor en el centro de certificaci\\u00f3n Authentic Pilates \\u2122 en Seattle.<\\\/p>\\n\n\n<p>En los Estados Unidos, perfeccion\\u00f3 sus conocimientos impartiendo clases en el estudio de Dorothee VandeWalle, Metropolitan Pilates. Posteriormente, en la ciudad de Nueva York, estudi\\u00f3 y fue tutorizado por descendientes directos de Joseph Pilates, Romana Kryzanowska y Sari Pace Mej\\u00eda. Poco despu\\u00e9s, mientras trabajaba en el Estudio El Arte del Control de Barcelona, Fabien empez\\u00f3 a colaborar en la formaci\\u00f3n de nuevos profesores y en el desarrollo y difusi\\u00f3n del M\\u00e9todo.<\\\/p>\",\"text_align\":\"justify\"}}]},{\"type\":\"column\",\"props\":{\"image_position\":\"center-center\",\"media_overlay_gradient\":\"\",\"width_medium\":\"1-2\",\"vertical_align\":\"bottom\"},\"children\":[{\"type\":\"html\",\"props\":{\"content\":\"<iframe width=\\\"100%\\\" height=\\\"315\\\" src=\\\"https:\\\/\\\/www.youtube.com\\\/embed\\\/qNNG5HUGbdw\\\" title=\\\"YouTube video player\\\" frameborder=\\\"0\\\" allow=\\\"accelerometer; autoplay; clipboard-write; encrypted-media; gyroscope; picture-in-picture\\\" allowfullscreen><\\\/iframe>\"}}]}],\"props\":{\"layout\":\"1-2,1-2\"}},{\"type\":\"row\",\"children\":[{\"type\":\"column\",\"props\":{\"image_position\":\"center-center\",\"media_overlay_gradient\":\"\"},\"children\":[{\"type\":\"text\",\"props\":{\"margin\":\"default\",\"column_breakpoint\":\"m\",\"content\":\"\n\n<p>En 2003, como miembro fundador de la asociaci\\u00f3n espa\\u00f1ola de profesores del M\\u00e9todo Pilates, decidi\\u00f3 abrir \\\"Centre Pilates Barcelona\\\" en el coraz\\u00f3n de la ciudad. Desde entonces, ha impartido m\\u00e1s de 50.000 clases a particulares que van desde deportistas de alto nivel hasta personas con diversas patolog\\u00edas convirti\\u00e9ndolo en uno de los profesores m\\u00e1s experimentados y cotizados del sector.<\\\/p>\",\"text_align\":\"justify\"}},{\"type\":\"text\",\"props\":{\"margin\":\"default\",\"column_breakpoint\":\"m\",\"content\":\"\n\n<p>En 2004, Fabien fund\\u00f3 la EEDAP (Escuela Espa\\u00f1ola De Aut\\u00e9ntico Pilates) que ofrece cursos de certificaci\\u00f3n para futuros profesionales en el M\\u00e9todo Aut\\u00e9ntico. Cientos de profesionales de todo el mundo se han certificado en su escuela con ubicaciones que ahora se extienden m\\u00e1s all\\u00e1 de Barcelona e incluyen Sevilla, Vigo y Oporto (Portugal).<\\\/p>\\n\n\n<p>Bajo la direcci\\u00f3n de Fabien Menegon, la escuela ofrece seminarios destinados a ayudar a los profesionales en temas como \\\"Pilates y escoliosis\\\", \\\"Pilates y embarazo\\\" y \\\"Pilates y sistema respiratorio\\\", adem\\u00e1s de participar en convenciones internacionales en Europa y Sudam\\u00e9rica. En 2016, cofund\\u00f3 \\\"Uno Pilates Method\\\" y comenz\\u00f3 a grabar videos en ingl\\u00e9s, franc\\u00e9s y espa\\u00f1ol en el aclamado sitio web, \\\"Pilatesology\\\", un esfuerzo que contin\\u00faa en la actualidad.<\\\/p>\\n\n\n<p>M\\u00e1s recientemente, Fabien comenz\\u00f3 a producir episodios web dise\\u00f1ados para ayudar a los profesionales en su pr\\u00e1ctica. Estos \\\"Tips Videos\\\" se pueden ver en el canal de YouTube de EEDAP y en Instagram sin cargo.<\\\/p>\",\"text_align\":\"justify\"}},{\"type\":\"text\",\"props\":{\"margin\":\"default\",\"column_breakpoint\":\"m\",\"content\":\"\n\n<p>Fabien Menegon estudi\\u00f3 ballet en el Conservatorio Nacional de Danza de Picardie, la \\u00d3pera de Par\\u00eds y con Rosella Hightower despu\\u00e9s de un breve per\\u00edodo como gimnasta atl\\u00e9tica. Fabien recibi\\u00f3 medallas de oro tanto en el Concurso Nacional Franc\\u00e9s de gimnasia atl\\u00e9tica como bailar\\u00edn en el Conservatorio de Picardie. Luego actu\\u00f3 con la \\u00d3pera de Par\\u00eds, la Compa\\u00f1\\u00eda Comunal de Trieste (Italia), el Ballet Scapino (Pa\\u00edses Bajos) y el Lanonima Imperial para el Teatro Nacional de Catalu\\u00f1a. Ha realizado ballets coreografiados por George Balanchine, Marius Petipa, Serge Lifar, Claude Bessy, Maurice B\\u00e9jart, Ji\\u0159\\u00ed Kilian, Ed Wubbe, Itzik Galili, Richard Werlock y Rudolf Nureyev, a menudo bailando con Nureyev. Como bailar\\u00edn, realiz\\u00f3 numerosas giras por Europa, Jap\\u00f3n, Egipto, Estados Unidos y Reino Unido.<\\\/p>\",\"text_align\":\"justify\"}},{\"type\":\"text\",\"props\":{\"margin\":\"default\",\"column_breakpoint\":\"m\",\"content\":\"\n\n<p>Fabien Menegon es actualmente uno de los instructores de profesionales m\\u00e1s codiciados que trabajan en el M\\u00e9todo Aut\\u00e9ntico de Pilates a nivel mundial.<\\\/p>\"}}]}]}]}],\"version\":\"2.5.4\"} --><\/p>\n","protected":false},"excerpt":{"rendered":"<p>Director FABIEN MENEGON Nacido en Francia, Fabien Menegon se ha dedicado desde muy joven al cultivo de la destreza f\u00edsico-corporal. Su primer contacto con el M\u00e9todo Aut\u00e9ntico Pilates, espec\u00edficamente en La Haya en Holanda, fue mientras trabajaba como bailar\u00edn de ballet reconocido internacionalmente en los a\u00f1os 90. En 2001, Fabien fue certificado como profesor en [&hellip;]<\/p>\n","protected":false},"author":1,"featured_media":0,"parent":0,"menu_order":3,"comment_status":"open","ping_status":"closed","template":"","meta":{"_acf_changed":false,"footnotes":""},"class_list":["post-20","page","type-page","status-publish","hentry"],"acf":[],"_links":{"self":[{"href":"https:\/\/eedap.com\/es\/wp-json\/wp\/v2\/pages\/20","targetHints":{"allow":["GET"]}}],"collection":[{"href":"https:\/\/eedap.com\/es\/wp-json\/wp\/v2\/pages"}],"about":[{"href":"https:\/\/eedap.com\/es\/wp-json\/wp\/v2\/types\/page"}],"author":[{"embeddable":true,"href":"https:\/\/eedap.com\/es\/wp-json\/wp\/v2\/users\/1"}],"replies":[{"embeddable":true,"href":"https:\/\/eedap.com\/es\/wp-json\/wp\/v2\/comments?post=20"}],"version-history":[{"count":5,"href":"https:\/\/eedap.com\/es\/wp-json\/wp\/v2\/pages\/20\/revisions"}],"predecessor-version":[{"id":1964,"href":"https:\/\/eedap.com\/es\/wp-json\/wp\/v2\/pages\/20\/revisions\/1964"}],"wp:attachment":[{"href":"https:\/\/eedap.com\/es\/wp-json\/wp\/v2\/media?parent=20"}],"curies":[{"name":"wp","href":"https:\/\/api.w.org\/{rel}","templated":true}]}}