{"id":2557,"date":"2021-10-27T10:08:10","date_gmt":"2021-10-27T08:08:10","guid":{"rendered":"https:\/\/eedap.com\/home\/"},"modified":"2022-02-02T10:36:11","modified_gmt":"2022-02-02T09:36:11","slug":"home","status":"publish","type":"page","link":"https:\/\/eedap.com\/pt-pt\/","title":{"rendered":"Home"},"content":{"rendered":"<p><img decoding=\"async\" src=\"\/wp-content\/uploads\/Animacion-logo-EPAP.gif\" alt=\"\"><\/p>\n<div>\n<p>    <svg class=\"waves\" xmlns=\"http:\/\/www.w3.org\/2000\/svg\" xmlns:xlink=\"http:\/\/www.w3.org\/1999\/xlink\"\nviewBox=\"0 24 150 28\" preserveAspectRatio=\"none\" shape-rendering=\"auto\">\n<defs>\n<path id=\"gentle-wave\" d=\"M-160 44c30 0 58-18 88-18s 58 18 88 18 58-18 88-18 58 18 88 18 v44h-352z\" \/>\n<\/defs>\n<g class=\"parallax\">\n<use xlink:href=\"#gentle-wave\" x=\"48\" y=\"0\" fill=\"rgba(255,255,255,0.7\" \/>\n<use xlink:href=\"#gentle-wave\" x=\"48\" y=\"3\" fill=\"rgba(255,255,255,0.5)\" \/>\n<use xlink:href=\"#gentle-wave\" x=\"48\" y=\"5\" fill=\"rgba(255,255,255,0.3)\" \/>\n<use xlink:href=\"#gentle-wave\" x=\"48\" y=\"7\" fill=\"rgba(255,255,255,1)\" \/>\n<\/g>\n<\/svg>\n<\/div>\n<h1>QUEM SOMOS<\/h1>\n<div>\n<p>A EEDAP (Escola Espanhola de Pilates Aut\u00eantico) oferece <strong>cursos de certifica\u00e7\u00e3o<\/strong> para futuros profissionais no <b>M\u00e9todo Aut\u00eantico.<\/b><\/p>\n<p>Centenas de profissionais de todo o mundo foram certificados pela escola EEDAP, com locais que agora se estendem al\u00e9m de Barcelona para incluir Sevilha, Vigo e Porto (Portugal). Todos eles sob a dire\u00e7\u00e3o de Fabien Menegon<\/p>\n<\/div>\n<p>\n    <a href=\"\/pt-pt\/quem-somos\/\">Leia mais<\/a>\n<\/p>\n<h1>Sedes<\/h1>\n<ul>\n<li>\n<p>        <img decoding=\"async\" src=\"\/wp-content\/uploads\/I-Web-36160252_1759471387422147_4440886718232526848_n.jpg\" alt=\"\"><\/p>\n<h3>Barcelona<\/h3>\n<p>C\/Girona 15 bajos,<br \/>08010 Barcelona.<\/p>\n<div>\n<p><img decoding=\"async\" loading=\"lazy\" src=\"http:\/\/eedap.com\/wp-content\/uploads\/logo.png\" alt=\"\" width=\"200\" height=\"79\" class=\"alignnone size-full wp-image-1197\" \/><\/p>\n<\/div>\n<p><a href=\"http:\/\/www.pilates-barcelona.com\/\"><\/a><\/p>\n<\/li>\n<li>\n<p>        <img decoding=\"async\" src=\"\/wp-content\/uploads\/el-estudio.jpg\" alt=\"\"><\/p>\n<h3>SEVILLA<\/h3>\n<p>C\/Monte Carmelo 20,<br \/>41011 Sevilla.<\/p>\n<div>\n<p><img loading=\"lazy\" decoding=\"async\" src=\"http:\/\/eedap.com\/wp-content\/uploads\/logo-Universo-Pilates-Sevilla-PNG-SQUARE-300x300-1.png\" alt=\"\" width=\"130\" height=\"130\" \/><\/p>\n<\/div>\n<p><a href=\"https:\/\/www.universopilatessevilla.com\/#contacto\"><\/a><\/p>\n<\/li>\n<li>\n<p>        <img decoding=\"async\" src=\"\/wp-content\/uploads\/foto1.png\" alt=\"\"><\/p>\n<h3>VIGO<\/h3>\n<p>C\/Carral 16,<br \/>36202 Vigo.<\/p>\n<div>\n<p><img loading=\"lazy\" decoding=\"async\" src=\"http:\/\/eedap.com\/wp-content\/uploads\/logo_nuevo_centro-300x91.png\" alt=\"\" width=\"300\" height=\"91\" class=\"alignnone size-medium wp-image-1199\" srcset=\"https:\/\/eedap.com\/wp-content\/uploads\/logo_nuevo_centro-300x91.png 300w, https:\/\/eedap.com\/wp-content\/uploads\/logo_nuevo_centro.png 348w\" sizes=\"(max-width: 300px) 100vw, 300px\" \/><\/p>\n<\/div>\n<p><a href=\"https:\/\/formacionpilatesautentico.wordpress.com\/contact\/\"><\/a><\/p>\n<\/li>\n<li>\n<p>        <img decoding=\"async\" src=\"\/wp-content\/uploads\/168980242_3895874630490877_8156554522845292347_n.jpg\" alt=\"\"><\/p>\n<h3>OPORTO<\/h3>\n<p>C\/Durbalino Laranjeira 101 AA,<br \/>3700 S\u00e3o Jo\u00e3o da Madeira.<\/p>\n<div>\n<p><img loading=\"lazy\" decoding=\"async\" src=\"http:\/\/eedap.com\/wp-content\/uploads\/logo-scopp-300x104.png\" alt=\"\" width=\"300\" height=\"104\" class=\"alignnone size-medium wp-image-1200\" srcset=\"https:\/\/eedap.com\/wp-content\/uploads\/logo-scopp-300x104.png 300w, https:\/\/eedap.com\/wp-content\/uploads\/logo-scopp.png 391w\" sizes=\"(max-width: 300px) 100vw, 300px\" \/><\/p>\n<\/div>\n<p><a href=\"http:\/\/scooppilatesequipment.com\/contacto\/\"><\/a><\/p>\n<\/li>\n<\/ul>\n<h1>DETALHES<\/h1>\n<ul>\n<li>\n<p>        <img decoding=\"async\" src=\"\/wp-content\/uploads\/file-contract-solid.svg\" alt=\"\"><\/p>\n<div>Programa de Certifica\u00e7\u00e3o<\/div>\n<p><a href=\"\/pt-pt\/programa-de-certificacao\/\"><\/a><\/p>\n<\/li>\n<li>\n<p>        <img decoding=\"async\" src=\"\/wp-content\/uploads\/calendar.png\" alt=\"\"><\/p>\n<div>Calend\u00e1rio<\/div>\n<p><a href=\"\/pt-pt\/calendario\/\"><\/a><\/p>\n<\/li>\n<li>\n<p>        <img decoding=\"async\" src=\"\/wp-content\/uploads\/certificado.png\" alt=\"\"><\/p>\n<div>Professores certificados<\/div>\n<p><a href=\"\/pt-pt\/professores-certificados\/\"><\/a><\/p>\n<\/li>\n<\/ul>\n<h1>Media<\/h1>\n<ul>\n<li>\n<p>        <img decoding=\"async\" src=\"\/wp-content\/uploads\/RV1_4303.jpg\" alt=\"\"><\/p>\n<h3>RV1_4303<\/h3>\n<\/li>\n<li>\n<p>        <img decoding=\"async\" src=\"\/wp-content\/uploads\/RV1_4271.jpg\" alt=\"\"><\/p>\n<h3>RV1_4271<\/h3>\n<\/li>\n<li>\n<p>        <img decoding=\"async\" src=\"\/wp-content\/uploads\/RV1_4114.jpg\" alt=\"\"><\/p>\n<h3>RV1_4114<\/h3>\n<\/li>\n<li>\n<p>        <img decoding=\"async\" src=\"\/wp-content\/uploads\/RV1_4270.jpg\" alt=\"\"><\/p>\n<h3>RV1_4270<\/h3>\n<\/li>\n<li>\n<p>        <img decoding=\"async\" src=\"\/wp-content\/uploads\/RV1_3900.jpg\" alt=\"\"><\/p>\n<h3>RV1_3900<\/h3>\n<\/li>\n<li>\n<p>        <img decoding=\"async\" src=\"\/wp-content\/uploads\/RV1_3936.jpg\" alt=\"\"><\/p>\n<h3>RV1_3936<\/h3>\n<\/li>\n<li>\n<p>        <img decoding=\"async\" src=\"\/wp-content\/uploads\/RV1_3843.jpg\" alt=\"\"><\/p>\n<h3>RV1_3843<\/h3>\n<\/li>\n<li>\n<p>        <img decoding=\"async\" src=\"\/wp-content\/uploads\/RV1_3840.jpg\" alt=\"\"><\/p>\n<h3>RV1_3840<\/h3>\n<\/li>\n<\/ul>\n<p>\n    <a href=\"\/pt-pt\/fotografias\/\">Leia mais<\/a>\n<\/p>\n<h1>PROFESORES CERTIFICADOS<\/h1>\n<ul>\n<li>\n<div>Albaladejo Castilla, Noel<\/div>\n<\/li>\n<li>\n<div>Alfonso Gallardo, Joanna<\/div>\n<\/li>\n<li>\n<div>Almeida, Magdalena<\/div>\n<\/li>\n<li>\n<div>Amouroux, Clotilde<\/div>\n<\/li>\n<li>\n<div>Arag\u00f3n Valverde, Jesus<\/div>\n<\/li>\n<li>\n<div>Arrrebola Moreno, Antonio Jes\u00fas <\/div>\n<\/li>\n<li>\n<div>Ausell\u00e9 Crosas, Albert<\/div>\n<\/li>\n<li>\n<div>Belmonte Mart\u00ednez, Isabel<\/div>\n<\/li>\n<li>\n<div>Borrero Herencia, Beatriz<\/div>\n<\/li>\n<li>\n<div>Canossa Dias, Rita<\/div>\n<\/li>\n<li>\n<div>Campos Cardellat, Maria Jos\u00e9<\/div>\n<\/li>\n<li>\n<div>Cardellat Porras, Manoli<\/div>\n<\/li>\n<li>\n<div>Casais Gomes, Rafael Alexandre<\/div>\n<\/li>\n<li>\n<div>Ciarla, Elena<\/div>\n<\/li>\n<li>\n<div>Colomer Llobet, Mireya<\/div>\n<\/li>\n<li>\n<div>&#8230;<\/div>\n<\/li>\n<\/ul>\n<div>\n<h3>Obtenha o seu certificado e junte-se \u00e0 nossa grande lista<\/h3>\n<\/div>\n<p><!--more--><br \/>\n<!-- {\"name\":\"Home\",\"type\":\"layout\",\"children\":[{\"name\":\"Hero\",\"type\":\"section\",\"props\":{\"width\":\"\",\"padding\":\"large\",\"style\":\"primary\",\"image\":\"\",\"image_position\":\"center-center\",\"image_fixed\":true,\"header_transparent\":\"light\",\"padding_remove_top\":false,\"vertical_align\":\"middle\",\"title_position\":\"top-left\",\"title_rotation\":\"left\",\"title_breakpoint\":\"xl\",\"image_parallax_bgy_end\":\"500\",\"image_parallax_easing\":\"1\",\"image_parallax_breakpoint\":\"m\",\"image_size\":\"cover\",\"media_overlay\":\"rgba(0, 0, 0, 0.5)\",\"class\":\"uk-position-relative\",\"header_transparent_noplaceholder\":true},\"children\":[{\"name\":\"\",\"type\":\"row\",\"children\":[{\"name\":\"\",\"type\":\"column\",\"props\":{\"image_position\":\"center-center\",\"media_overlay_gradient\":\"\",\"width_medium\":\"1-1\"},\"children\":[{\"type\":\"image\",\"props\":{\"margin\":\"default\",\"image_svg_color\":\"emphasis\",\"image\":\"wp-content\\\/uploads\\\/Animacion-logo-EPAP.gif\",\"maxwidth\":\"2xlarge\",\"block_align\":\"center\",\"text_align\":\"center\"}},{\"type\":\"html\",\"props\":{\"content\":\"<svg class=\\\"waves\\\" xmlns=\\\"http:\\\/\\\/www.w3.org\\\/2000\\\/svg\\\" xmlns:xlink=\\\"http:\\\/\\\/www.w3.org\\\/1999\\\/xlink\\\"\\nviewBox=\\\"0 24 150 28\\\" preserveAspectRatio=\\\"none\\\" shape-rendering=\\\"auto\\\">\\n<defs>\\n<path id=\\\"gentle-wave\\\" d=\\\"M-160 44c30 0 58-18 88-18s 58 18 88 18 58-18 88-18 58 18 88 18 v44h-352z\\\" \\\/>\\n<\\\/defs>\\n<g class=\\\"parallax\\\">\\n<use xlink:href=\\\"#gentle-wave\\\" x=\\\"48\\\" y=\\\"0\\\" fill=\\\"rgba(255,255,255,0.7\\\" \\\/>\\n<use xlink:href=\\\"#gentle-wave\\\" x=\\\"48\\\" y=\\\"3\\\" fill=\\\"rgba(255,255,255,0.5)\\\" \\\/>\\n<use xlink:href=\\\"#gentle-wave\\\" x=\\\"48\\\" y=\\\"5\\\" fill=\\\"rgba(255,255,255,0.3)\\\" \\\/>\\n<use xlink:href=\\\"#gentle-wave\\\" x=\\\"48\\\" y=\\\"7\\\" fill=\\\"rgba(255,255,255,1)\\\" \\\/>\\n<\\\/g>\\n<\\\/svg>\",\"css\":\".el-element{\\n    position: absolute;\\n    top:auto;\\n    bottom: 0px;\\n    left: 0px;\\n    width: 100%;\\n}\"}}]}]}]},{\"type\":\"section\",\"props\":{\"style\":\"default\",\"width\":\"default\",\"vertical_align\":\"middle\",\"title_position\":\"top-left\",\"title_rotation\":\"left\",\"title_breakpoint\":\"xl\",\"image_position\":\"center-center\"},\"children\":[{\"type\":\"row\",\"children\":[{\"type\":\"column\",\"props\":{\"image_position\":\"center-center\",\"media_overlay_gradient\":\"\"},\"children\":[{\"type\":\"headline\",\"props\":{\"title_element\":\"h1\",\"content\":\"QUEM SOMOS\",\"title_decoration\":\"bullet\"}},{\"type\":\"text\",\"props\":{\"margin\":\"default\",\"column_breakpoint\":\"m\",\"content\":\"\n\n<p>A EEDAP (Escola Espanhola de Pilates Aut\\u00eantico) oferece <strong>cursos de certifica\\u00e7\\u00e3o<\\\/strong> para futuros profissionais no <b>M\\u00e9todo Aut\\u00eantico.<\\\/b><\\\/p>\\n\n\n<p>Centenas de profissionais de todo o mundo foram certificados pela escola EEDAP, com locais que agora se estendem al\\u00e9m de Barcelona para incluir Sevilha, Vigo e Porto (Portugal). Todos eles sob a dire\\u00e7\\u00e3o de Fabien Menegon<\\\/p>\"}},{\"type\":\"button\",\"props\":{\"grid_column_gap\":\"small\",\"grid_row_gap\":\"small\",\"margin\":\"default\"},\"children\":[{\"type\":\"button_item\",\"props\":{\"button_style\":\"primary\",\"icon_align\":\"right\",\"content\":\"Leia mais\",\"link_title\":\"\",\"link\":\"\\\/pt-pt\\\/quem-somos\\\/\",\"icon\":\"chevron-right\"}}]}]}]}]},{\"type\":\"section\",\"props\":{\"style\":\"muted\",\"width\":\"default\",\"vertical_align\":\"middle\",\"title_position\":\"top-left\",\"title_rotation\":\"left\",\"title_breakpoint\":\"xl\",\"image_position\":\"center-center\"},\"children\":[{\"type\":\"row\",\"children\":[{\"type\":\"column\",\"props\":{\"image_position\":\"center-center\",\"media_overlay_gradient\":\"\"},\"children\":[{\"type\":\"headline\",\"props\":{\"title_element\":\"h1\",\"content\":\"Sedes\",\"title_decoration\":\"bullet\"}},{\"type\":\"panel-slider\",\"props\":{\"show_title\":true,\"show_meta\":true,\"show_content\":true,\"show_image\":true,\"show_link\":true,\"slider_width\":\"fixed\",\"slider_width_default\":\"1-1\",\"slider_width_medium\":\"1-2\",\"slider_gap\":\"default\",\"slider_autoplay_pause\":true,\"nav\":\"dotnav\",\"nav_align\":\"center\",\"nav_breakpoint\":\"s\",\"slidenav\":\"\",\"slidenav_margin\":\"medium\",\"slidenav_breakpoint\":\"xl\",\"slidenav_outside_breakpoint\":\"xl\",\"panel_card_match\":true,\"title_hover_style\":\"reset\",\"title_element\":\"h3\",\"title_align\":\"top\",\"title_grid_width\":\"1-2\",\"title_grid_breakpoint\":\"m\",\"meta_style\":\"meta\",\"meta_align\":\"below-title\",\"meta_element\":\"div\",\"content_column_breakpoint\":\"m\",\"icon_width\":80,\"image_align\":\"left\",\"image_grid_width\":\"1-2\",\"image_grid_breakpoint\":\"m\",\"image_svg_color\":\"emphasis\",\"link_text\":\"\",\"link_style\":\"default\",\"margin\":\"default\",\"panel_style\":\"card-default\",\"panel_card_image\":true,\"link_target\":true,\"panel_link\":true,\"slider_autoplay\":true},\"children\":[{\"type\":\"panel-slider_item\",\"props\":{\"title\":\"Barcelona\",\"meta\":\"C\\\/Girona 15 bajos,<br \/>08010 Barcelona.\",\"content\":\"\n\n<p><img loading=\\\"lazy\\\" src=\\\"http:\\\/\\\/eedap.com\\\/wp-content\\\/uploads\\\/logo.png\\\" alt=\\\"\\\" width=\\\"200\\\" height=\\\"79\\\" class=\\\"alignnone size-full wp-image-1197\\\" \\\/><\\\/p>\",\"image\":\"wp-content\\\/uploads\\\/I-Web-36160252_1759471387422147_4440886718232526848_n.jpg\",\"link\":\"http:\\\/\\\/www.pilates-barcelona.com\\\/\"}},{\"type\":\"panel-slider_item\",\"props\":{\"title\":\"SEVILLA\",\"meta\":\"C\\\/Monte Carmelo 20,<br \/>41011 Sevilla.\",\"content\":\"\n\n<p><img src=\\\"http:\\\/\\\/eedap.com\\\/wp-content\\\/uploads\\\/logo-Universo-Pilates-Sevilla-PNG-SQUARE-300x300-1.png\\\" alt=\\\"\\\" width=\\\"130\\\" height=\\\"130\\\" \\\/><\\\/p>\",\"image\":\"wp-content\\\/uploads\\\/el-estudio.jpg\",\"link\":\"https:\\\/\\\/www.universopilatessevilla.com\\\/#contacto\"}},{\"type\":\"panel-slider_item\",\"props\":{\"title\":\"VIGO\",\"meta\":\"C\\\/Carral 16,<br \/>36202 Vigo.\",\"content\":\"\n\n<p><img src=\\\"http:\\\/\\\/eedap.com\\\/wp-content\\\/uploads\\\/logo_nuevo_centro-300x91.png\\\" alt=\\\"\\\" width=\\\"300\\\" height=\\\"91\\\" class=\\\"alignnone size-medium wp-image-1199\\\" \\\/><\\\/p>\",\"image\":\"wp-content\\\/uploads\\\/foto1.png\",\"link\":\"https:\\\/\\\/formacionpilatesautentico.wordpress.com\\\/contact\\\/\"}},{\"type\":\"panel-slider_item\",\"props\":{\"title\":\"OPORTO\",\"meta\":\"C\\\/Durbalino Laranjeira 101 AA,<br \/>3700 S\\u00e3o Jo\\u00e3o da Madeira.\",\"content\":\"\n\n<p><img src=\\\"http:\\\/\\\/eedap.com\\\/wp-content\\\/uploads\\\/logo-scopp-300x104.png\\\" alt=\\\"\\\" width=\\\"300\\\" height=\\\"104\\\" class=\\\"alignnone size-medium wp-image-1200\\\" \\\/><\\\/p>\",\"image\":\"wp-content\\\/uploads\\\/168980242_3895874630490877_8156554522845292347_n.jpg\",\"link\":\"http:\\\/\\\/scooppilatesequipment.com\\\/contacto\\\/\"}}]}]}]}],\"modified\":\"2021-08-10T10:31:42.636Z\",\"name\":\"\"},{\"type\":\"section\",\"props\":{\"style\":\"default\",\"width\":\"default\",\"vertical_align\":\"middle\",\"title_position\":\"top-left\",\"title_rotation\":\"left\",\"title_breakpoint\":\"xl\",\"image_position\":\"center-center\"},\"children\":[{\"type\":\"row\",\"children\":[{\"type\":\"column\",\"props\":{\"image_position\":\"center-center\",\"media_overlay_gradient\":\"\"},\"children\":[{\"type\":\"headline\",\"props\":{\"title_element\":\"h1\",\"content\":\"DETALHES\",\"title_decoration\":\"bullet\"}},{\"type\":\"grid\",\"props\":{\"show_title\":true,\"show_meta\":true,\"show_content\":true,\"show_image\":true,\"show_link\":true,\"grid_default\":\"1\",\"grid_medium\":\"3\",\"filter_style\":\"tab\",\"filter_all\":true,\"filter_position\":\"top\",\"filter_align\":\"left\",\"filter_grid_width\":\"auto\",\"filter_grid_breakpoint\":\"m\",\"title_hover_style\":\"reset\",\"title_element\":\"div\",\"title_align\":\"top\",\"title_grid_width\":\"1-2\",\"title_grid_breakpoint\":\"m\",\"meta_style\":\"meta\",\"meta_align\":\"below-title\",\"meta_element\":\"div\",\"content_column_breakpoint\":\"m\",\"icon_width\":80,\"image_align\":\"top\",\"image_grid_width\":\"1-2\",\"image_grid_breakpoint\":\"m\",\"image_svg_color\":\"emphasis\",\"link_text\":\"\",\"link_style\":\"default\",\"margin\":\"default\",\"item_animation\":true,\"grid_small\":\"2\",\"text_align\":\"center\",\"panel_style\":\"card-default\",\"title_color\":\"primary\",\"grid_row_align\":false,\"css\":\".el-image{max-height:50px;}\",\"panel_link\":true,\"grid_column_align\":true},\"children\":[{\"type\":\"grid_item\",\"props\":{\"title\":\"Programa de Certifica\\u00e7\\u00e3o\",\"image\":\"wp-content\\\/uploads\\\/file-contract-solid.svg\",\"link\":\"\\\/pt-pt\\\/programa-de-certificacao\\\/\"}},{\"type\":\"grid_item\",\"props\":{\"title\":\"Calend\\u00e1rio\",\"image\":\"wp-content\\\/uploads\\\/calendar.png\",\"link\":\"\\\/pt-pt\\\/calendario\\\/\"}},{\"type\":\"grid_item\",\"props\":{\"title\":\"Professores certificados\",\"image\":\"wp-content\\\/uploads\\\/certificado.png\",\"link\":\"\\\/pt-pt\\\/professores-certificados\\\/\"}}]}]}]}],\"modified\":\"2021-08-10T10:31:42.636Z\",\"name\":\"\"},{\"type\":\"section\",\"props\":{\"style\":\"muted\",\"width\":\"default\",\"vertical_align\":\"middle\",\"title_position\":\"top-left\",\"title_rotation\":\"left\",\"title_breakpoint\":\"xl\",\"image_position\":\"center-center\"},\"children\":[{\"type\":\"row\",\"children\":[{\"type\":\"column\",\"props\":{\"image_position\":\"center-center\",\"media_overlay_gradient\":\"\"},\"children\":[{\"type\":\"headline\",\"props\":{\"title_element\":\"h1\",\"content\":\"Media\",\"title_decoration\":\"bullet\"}},{\"type\":\"gallery\",\"props\":{\"show_title\":false,\"show_meta\":true,\"show_content\":true,\"show_link\":true,\"show_hover_image\":true,\"grid_default\":\"2\",\"grid_medium\":\"4\",\"filter_style\":\"tab\",\"filter_all\":true,\"filter_position\":\"top\",\"filter_align\":\"left\",\"filter_grid_width\":\"auto\",\"filter_grid_breakpoint\":\"m\",\"overlay_mode\":\"cover\",\"overlay_hover\":true,\"overlay_style\":\"overlay-default\",\"text_color\":\"light\",\"overlay_position\":\"center\",\"overlay_transition\":\"fade\",\"title_hover_style\":\"reset\",\"title_element\":\"h3\",\"meta_style\":\"meta\",\"meta_align\":\"below-title\",\"meta_element\":\"div\",\"link_text\":\"\",\"link_style\":\"default\",\"text_align\":\"center\",\"margin\":\"default\",\"item_animation\":true,\"grid_masonry\":true,\"grid_column_gap\":\"small\",\"grid_row_gap\":\"small\",\"overlay_link\":true,\"lightbox\":true,\"content_style\":\"lead\"},\"children\":[{\"type\":\"gallery_item\",\"props\":{\"title\":\"RV1_4303\",\"image\":\"wp-content\\\/uploads\\\/RV1_4303.jpg\",\"content\":\"\",\"text_color\":\"dark\"}},{\"type\":\"gallery_item\",\"props\":{\"title\":\"RV1_4271\",\"image\":\"wp-content\\\/uploads\\\/RV1_4271.jpg\",\"content\":\"\",\"text_color\":\"dark\"}},{\"type\":\"gallery_item\",\"props\":{\"title\":\"RV1_4114\",\"image\":\"wp-content\\\/uploads\\\/RV1_4114.jpg\",\"text_color\":\"dark\",\"content\":\"\"}},{\"type\":\"gallery_item\",\"props\":{\"title\":\"RV1_4270\",\"image\":\"wp-content\\\/uploads\\\/RV1_4270.jpg\",\"content\":\"\",\"text_color\":\"dark\"}},{\"type\":\"gallery_item\",\"props\":{\"title\":\"RV1_3900\",\"image\":\"wp-content\\\/uploads\\\/RV1_3900.jpg\"}},{\"type\":\"gallery_item\",\"props\":{\"title\":\"RV1_3936\",\"image\":\"wp-content\\\/uploads\\\/RV1_3936.jpg\"}},{\"type\":\"gallery_item\",\"props\":{\"title\":\"RV1_3843\",\"image\":\"wp-content\\\/uploads\\\/RV1_3843.jpg\"}},{\"type\":\"gallery_item\",\"props\":{\"title\":\"RV1_3840\",\"image\":\"wp-content\\\/uploads\\\/RV1_3840.jpg\"}}],\"modified\":\"2021-08-10T12:25:35.973Z\",\"name\":\"XP_galeria\"},{\"type\":\"button\",\"props\":{\"grid_column_gap\":\"small\",\"grid_row_gap\":\"small\",\"margin\":\"default\"},\"children\":[{\"type\":\"button_item\",\"props\":{\"button_style\":\"primary\",\"icon_align\":\"right\",\"content\":\"Leia mais\",\"link_title\":\"\",\"link\":\"\\\/pt-pt\\\/fotografias\\\/\",\"icon\":\"chevron-right\"}}]}]}]}],\"modified\":\"2021-08-10T10:31:42.636Z\",\"name\":\"\"},{\"type\":\"section\",\"props\":{\"style\":\"default\",\"width\":\"default\",\"vertical_align\":\"middle\",\"title_position\":\"top-left\",\"title_rotation\":\"left\",\"title_breakpoint\":\"xl\",\"image_position\":\"center-center\"},\"children\":[{\"type\":\"row\",\"children\":[{\"type\":\"column\",\"props\":{\"image_position\":\"center-center\",\"media_overlay_gradient\":\"\"},\"children\":[{\"type\":\"headline\",\"props\":{\"title_element\":\"h1\",\"content\":\"PROFESORES CERTIFICADOS\",\"title_decoration\":\"bullet\"}},{\"type\":\"grid\",\"props\":{\"show_title\":true,\"show_meta\":false,\"show_content\":false,\"show_image\":false,\"show_link\":false,\"grid_default\":\"1\",\"grid_medium\":\"4\",\"filter_style\":\"tab\",\"filter_all\":true,\"filter_position\":\"top\",\"filter_align\":\"left\",\"filter_grid_width\":\"auto\",\"filter_grid_breakpoint\":\"m\",\"title_hover_style\":\"reset\",\"title_element\":\"div\",\"title_align\":\"top\",\"title_grid_width\":\"1-2\",\"title_grid_breakpoint\":\"m\",\"meta_style\":\"meta\",\"meta_align\":\"below-title\",\"meta_element\":\"div\",\"content_column_breakpoint\":\"m\",\"icon_width\":80,\"image_align\":\"left\",\"image_grid_width\":\"small\",\"image_grid_breakpoint\":\"m\",\"image_svg_color\":\"emphasis\",\"link_text\":\"Read more\",\"link_style\":\"default\",\"margin\":\"default\",\"item_animation\":true,\"image_vertical_align\":true,\"grid_divider\":false,\"grid_row_align\":false,\"grid_column_align\":false,\"text_align\":\"center\",\"grid_row_gap\":\"small\",\"grid_small\":\"2\"},\"children\":[{\"type\":\"grid_item\",\"props\":{\"icon\":\"user\",\"title\":\"Albaladejo Castilla, Noel\",\"meta\":\"\",\"content\":\"\"}},{\"type\":\"grid_item\",\"props\":{\"icon\":\"user\",\"title\":\"Alfonso Gallardo, Joanna\",\"meta\":\"\",\"content\":\"\"}},{\"type\":\"grid_item\",\"props\":{\"icon\":\"user\",\"title\":\"Almeida, Magdalena\",\"meta\":\"\",\"content\":\"\"}},{\"type\":\"grid_item\",\"props\":{\"icon\":\"user\",\"title\":\"Amouroux, Clotilde\",\"meta\":\"\",\"content\":\"\"}},{\"type\":\"grid_item\",\"props\":{\"icon\":\"user\",\"title\":\"Arag\\u00f3n Valverde, Jesus\",\"meta\":\"\",\"content\":\"\"}},{\"type\":\"grid_item\",\"props\":{\"icon\":\"user\",\"title\":\"Arrrebola Moreno, Antonio Jes\\u00fas \",\"meta\":\"\",\"content\":\"\"}},{\"type\":\"grid_item\",\"props\":{\"icon\":\"user\",\"title\":\"Ausell\\u00e9 Crosas, Albert\",\"meta\":\"\",\"content\":\"\"}},{\"type\":\"grid_item\",\"props\":{\"icon\":\"user\",\"title\":\"Belmonte Mart\\u00ednez, Isabel\",\"meta\":\"\",\"content\":\"\"}},{\"type\":\"grid_item\",\"props\":{\"icon\":\"user\",\"title\":\"Borrero Herencia, Beatriz\",\"meta\":\"\",\"content\":\"\"}},{\"type\":\"grid_item\",\"props\":{\"icon\":\"user\",\"title\":\"Canossa Dias, Rita\",\"meta\":\"\",\"content\":\"\"}},{\"type\":\"grid_item\",\"props\":{\"icon\":\"user\",\"title\":\"Campos Cardellat, Maria Jos\\u00e9\",\"meta\":\"\",\"content\":\"\"}},{\"type\":\"grid_item\",\"props\":{\"icon\":\"user\",\"title\":\"Cardellat Porras, Manoli\",\"meta\":\"\",\"content\":\"\"}},{\"type\":\"grid_item\",\"props\":{\"icon\":\"user\",\"title\":\"Casais Gomes, Rafael Alexandre\",\"meta\":\"\",\"content\":\"\"}},{\"type\":\"grid_item\",\"props\":{\"icon\":\"user\",\"title\":\"Ciarla, Elena\",\"meta\":\"\",\"content\":\"\"}},{\"type\":\"grid_item\",\"props\":{\"icon\":\"user\",\"title\":\"Colomer Llobet, Mireya\",\"meta\":\"\",\"content\":\"\"}},{\"type\":\"grid_item\",\"props\":{\"icon\":\"user\",\"title\":\"...\",\"meta\":\"\",\"content\":\"\"}}],\"modified\":\"2021-08-31T09:24:39.274Z\",\"name\":\"lista-alumnos\"},{\"type\":\"panel\",\"props\":{\"link_text\":\"Read more\",\"title_hover_style\":\"reset\",\"title_element\":\"h3\",\"title_align\":\"top\",\"title_grid_width\":\"1-2\",\"title_grid_breakpoint\":\"m\",\"meta_style\":\"meta\",\"meta_align\":\"below-title\",\"meta_element\":\"div\",\"content_column_breakpoint\":\"m\",\"icon_width\":80,\"image_align\":\"top\",\"image_grid_width\":\"1-2\",\"image_grid_breakpoint\":\"m\",\"image_svg_color\":\"emphasis\",\"link_style\":\"default\",\"margin\":\"default\",\"title\":\"Obtenha o seu certificado e junte-se \\u00e0 nossa grande lista\",\"panel_style\":\"card-primary\",\"text_align\":\"center\"}}]}]}],\"modified\":\"2021-08-10T10:31:42.636Z\",\"name\":\"\"}],\"version\":\"2.5.4\"} --><\/p>\n","protected":false},"excerpt":{"rendered":"<p>QUEM SOMOS A EEDAP (Escola Espanhola de Pilates Aut\u00eantico) oferece cursos de certifica\u00e7\u00e3o para futuros profissionais no M\u00e9todo Aut\u00eantico. Centenas de profissionais de todo o mundo foram certificados pela escola EEDAP, com locais que agora se estendem al\u00e9m de Barcelona para incluir Sevilha, Vigo e Porto (Portugal). Todos eles sob a dire\u00e7\u00e3o de Fabien Menegon [&hellip;]<\/p>\n","protected":false},"author":1,"featured_media":0,"parent":0,"menu_order":1,"comment_status":"open","ping_status":"closed","template":"","meta":{"_acf_changed":false,"footnotes":""},"class_list":["post-2557","page","type-page","status-publish","hentry"],"acf":[],"_links":{"self":[{"href":"https:\/\/eedap.com\/pt-pt\/wp-json\/wp\/v2\/pages\/2557","targetHints":{"allow":["GET"]}}],"collection":[{"href":"https:\/\/eedap.com\/pt-pt\/wp-json\/wp\/v2\/pages"}],"about":[{"href":"https:\/\/eedap.com\/pt-pt\/wp-json\/wp\/v2\/types\/page"}],"author":[{"embeddable":true,"href":"https:\/\/eedap.com\/pt-pt\/wp-json\/wp\/v2\/users\/1"}],"replies":[{"embeddable":true,"href":"https:\/\/eedap.com\/pt-pt\/wp-json\/wp\/v2\/comments?post=2557"}],"version-history":[{"count":5,"href":"https:\/\/eedap.com\/pt-pt\/wp-json\/wp\/v2\/pages\/2557\/revisions"}],"predecessor-version":[{"id":2857,"href":"https:\/\/eedap.com\/pt-pt\/wp-json\/wp\/v2\/pages\/2557\/revisions\/2857"}],"wp:attachment":[{"href":"https:\/\/eedap.com\/pt-pt\/wp-json\/wp\/v2\/media?parent=2557"}],"curies":[{"name":"wp","href":"https:\/\/api.w.org\/{rel}","templated":true}]}}