{"id":2559,"date":"2021-10-27T10:13:41","date_gmt":"2021-10-27T08:13:41","guid":{"rendered":"https:\/\/eedap.com\/quienes-somos\/"},"modified":"2021-10-27T11:14:45","modified_gmt":"2021-10-27T09:14:45","slug":"quem-somos","status":"publish","type":"page","link":"https:\/\/eedap.com\/pt-pt\/quem-somos\/","title":{"rendered":"Quem somos"},"content":{"rendered":"<h1>QUEM SOMOS<\/h1>\n<ul>\n<li>\n<h3>CURSO DE INSTRUTOR CERTIFICA\u00c7\u00c3O <\/h3>\n<div>\n<p>A Escuela Espa\u00f1ola de Aut\u00e9ntico Pilates (EEDAP) fundada em 2005 \u00e9 a associa\u00e7\u00e3o e colabora\u00e7\u00e3o dos centros de Pilates Aut\u00eantico, tanto a n\u00edvel nacional como internacional, formadora de centenas de professores, tanto em Espanha como em diferentes pa\u00edses do mundo.<\/p>\n<p>A EEDAP oferece cursos de forma\u00e7\u00e3o aprofundados e completos que englobam desde a cria\u00e7\u00e3o do M\u00e9todo at\u00e9 \u00e0 sua fase final, tal e qual como foi desenhado pelo seu criador J.H. Pilates e posteriormente pela sua disc\u00edpula direta Romama Kryzanowska.<\/p>\n<p>A Escuela Espa\u00f1ola est\u00e1 atualmente dirigida pelo Sr. Fabien Menegon, certificado pela Sra. Kryzanowska, seguindo o seu legado e difus\u00e3o do M\u00e9todo.<\/p>\n<p>Fabien Menegon, reconhecido como um dos melhores profissionais do setor, conta com 20 anos de experi\u00eancia e dedica\u00e7\u00e3o no ensinamento do M\u00e9todo e na forma\u00e7\u00e3o de professores, com a ajuda dos seus colaboradores, reformou a pedagogia de ensinamento dos cursos tradicionais conhecidos at\u00e9 agora, com o fim de oferecer aos futuros profissionais um conhecimento preciso do M\u00e9todo, melhorando o seu rendimento e adequando-o aos tempos modernos sem perder a ess\u00eancia e exatid\u00e3o do M\u00e9todo original.<\/p>\n<p>\u00c9 por tudo isto que a forma\u00e7\u00e3o da Escuela Espa\u00f1ola de Aut\u00e9ntico Pilates est\u00e1 considerada pelos profissionais como o curso mais completo e extenso, tanto a n\u00edvel nacional como internacional.<\/p>\n<p>200 Horas de forma\u00e7\u00e3o te\u00f3rica. As aulas ser\u00e3o ministradas s\u00e1bado e domingo. (ver datas). O hor\u00e1rio depende do centro no qual sejam ministradas as aulas. (consultar centros).<\/p>\n<p>400 Horas de observa\u00e7\u00e3o e pr\u00e1tica. Estas horas ir\u00e3o ser distribu\u00eddas pelo curso em fun\u00e7\u00e3o da disponibilidade de cada aluno e do hor\u00e1rio de abertura do est\u00fadio (segunda-feira a sexta-feira das 8.00h \u00e0s 21.00h). Os alunos que residam fora da localiza\u00e7\u00e3o do centro de certifica\u00e7\u00e3o ter\u00e3o a possibilidade de realizar, baixo a tutela de outro professor, as horas de pr\u00e1tica e observa\u00e7\u00e3o necess\u00e1rias. Depois de cada semin\u00e1rio, o instrutor indicar\u00e1 ao aluno como dever\u00e1 realizar as suas pr\u00e1ticas tendo em conta o semin\u00e1rio seguinte e futuros exames para melhorar a sua aprendizagem.<\/p>\n<p>Manuais. Em cada semin\u00e1rio ser\u00e1 distribu\u00eddo ao aluno um manual que inclu\u00ed a lista de exerc\u00edcios, a posi\u00e7\u00e3o do professor, os elementos de observa\u00e7\u00e3o necess\u00e1rios para construir uma aula adequada para cada cliente, a estrutura de cada exerc\u00edcio, as patologias e morfologias a ter em conta no momento de dar a aula, assim como os aspetos que cada aluno ter\u00e1 que ter presente no momento de praticar o dito exerc\u00edcio. A totalidade dos manuais formam uma enciclop\u00e9dia do M\u00e9todo Pilates de mais de 1.000 p\u00e1ginas para a pr\u00e1tica correta do M\u00e9todo.<\/p>\n<\/div>\n<\/li>\n<li>\n<h3>PROGRAMA GERAL<\/h3>\n<div>\n<ul>\n<li>M\u00e1quinas: Reformer, Mat, Cadillac, Cadeiras, Barris e Pr\u00e9-Pilates. Estudar-se-\u00e3o os n\u00edveis b\u00e1sico, interm\u00e9dio e avan\u00e7ado em cada uma das m\u00e1quinas. Entregar-se-\u00e1 um manual de trabalho para cada n\u00edvel, especificando cada exerc\u00edcio e as suas poss\u00edveis modifica\u00e7\u00f5es. Ensinar-se-\u00e1 cada um dos exerc\u00edcios com precis\u00e3o, a sua biomec\u00e2nica, objetivos e a sua rela\u00e7\u00e3o com outros exerc\u00edcios assim como a l\u00f3gica do M\u00e9todo.<\/li>\n<li>Constru\u00e7\u00e3o das Aulas: Aprender-se-\u00e1 a construir as aulas a partir das caracter\u00edsticas espec\u00edficas de cada pessoa (patologia, morfologia, etc.). Ensinar-se-\u00e1 a trabalhar com pessoas com diferentes tipos de les\u00f5es.<\/li>\n<li>Observa\u00e7\u00e3o: Ensinar-se-\u00e1 aos alunos como reconhecer as debilidades corporais que poderiam lesionar num futuro um cliente, adaptando a aula \u00e0 sua medida, prevenindo e elaborando um sistema adequado para o seu corpo.<\/li>\n<li>Rela\u00e7\u00e3o com o cliente: Como dar uma aula, como posicionar-se ante o cliente, como ajud\u00e1-lo em cada movimento e o uso adequado das m\u00e1quinas.<\/li>\n<li>Modifica\u00e7\u00f5es do movimento: Este conceito \u00e9 o eixo central da pr\u00e1tica do M\u00e9todo Pilates. Devido a que \u201ccada pessoa tem um corpo diferente e umas necessidades diferentes\u201d, \u00e9 necess\u00e1rio estabelecer um programa personalizado para cada cliente. Por isso ensinar-se-\u00e1 as varia\u00e7\u00f5es de cada exerc\u00edcio com o fim de aprender a adapt\u00e1-los \u00e0s necessidades de cada cliente.<\/li>\n<li>Morfologia corporal e patologia articular: Fundamentos de anatomia necess\u00e1rios para aplicar corretamente o M\u00e9todo Pilates. Ensinar-se-\u00e1 de forma precisa como avaliar um professor o corpo do cliente e as pautas a aplicar no momento em que se encontra com les\u00f5es e morfologias diversas.<\/li>\n<\/ul>\n<\/div>\n<\/li>\n<\/ul>\n<p><!--more--><br \/>\n<!-- {\"type\":\"layout\",\"children\":[{\"name\":\"XP_header_v2\",\"type\":\"section\",\"props\":{\"style\":\"default\",\"width\":\"default\",\"image_size\":\"cover\",\"padding_remove_bottom\":false,\"animation_delay\":\"200\",\"image\":\"wp-content\\\/uploads\\\/DSC2092.jpeg\",\"image_position\":\"center-right\",\"vertical_align\":\"middle\",\"title_position\":\"top-left\",\"title_rotation\":\"left\",\"title_breakpoint\":\"xl\",\"image_parallax_bgy_end\":\"500\",\"image_parallax_breakpoint\":\"m\",\"text_color\":\"light\",\"media_overlay\":\"rgba(249, 161, 67, 0.5)\",\"image_parallax_bgy_start\":\"450\",\"padding\":\"large\",\"header_transparent\":\"light\"},\"children\":[{\"name\":\"\",\"type\":\"row\",\"props\":{\"margin\":\"xlarge\"},\"children\":[{\"name\":\"\",\"type\":\"column\",\"props\":{\"image_position\":\"center-center\",\"width_medium\":\"1-1\",\"media_overlay_gradient\":\"\"},\"children\":[{\"name\":\"\",\"type\":\"headline\",\"props\":{\"title_element\":\"h1\",\"content\":\"QUEM SOMOS\",\"title_style\":\"heading-small\"}}]}]}],\"modified\":\"2021-08-17T10:28:48.159Z\"},{\"type\":\"section\",\"props\":{\"style\":\"default\",\"width\":\"default\",\"vertical_align\":\"middle\",\"title_position\":\"top-left\",\"title_rotation\":\"left\",\"title_breakpoint\":\"xl\",\"image_position\":\"center-center\",\"id\":\"Informacion\"},\"children\":[{\"type\":\"row\",\"children\":[{\"type\":\"column\",\"props\":{\"image_position\":\"center-center\",\"media_overlay_gradient\":\"\",\"text_color\":\"dark\"},\"children\":[{\"type\":\"grid\",\"props\":{\"show_title\":true,\"show_meta\":true,\"show_content\":true,\"show_image\":true,\"show_link\":true,\"grid_default\":\"1\",\"grid_medium\":\"\",\"filter_style\":\"tab\",\"filter_all\":true,\"filter_position\":\"top\",\"filter_align\":\"left\",\"filter_grid_width\":\"auto\",\"filter_grid_breakpoint\":\"m\",\"title_hover_style\":\"reset\",\"title_element\":\"h3\",\"title_align\":\"top\",\"title_grid_width\":\"1-2\",\"title_grid_breakpoint\":\"m\",\"meta_style\":\"meta\",\"meta_align\":\"below-title\",\"meta_element\":\"div\",\"content_column_breakpoint\":\"m\",\"icon_width\":80,\"image_align\":\"top\",\"image_grid_width\":\"1-2\",\"image_grid_breakpoint\":\"m\",\"image_svg_color\":\"emphasis\",\"link_text\":\"\",\"link_style\":\"default\",\"margin\":\"default\",\"item_animation\":true,\"panel_style\":\"card-default\",\"lightbox\":true,\"panel_link\":true,\"title_link\":true,\"title_color\":\"muted\"},\"children\":[{\"type\":\"grid_item\",\"props\":{\"title\":\"CURSO DE INSTRUTOR CERTIFICA\\u00c7\\u00c3O \",\"content\":\"\n\n<p>A Escuela Espa\\u00f1ola de Aut\\u00e9ntico Pilates (EEDAP) fundada em 2005 \\u00e9 a associa\\u00e7\\u00e3o e colabora\\u00e7\\u00e3o dos centros de Pilates Aut\\u00eantico, tanto a n\\u00edvel nacional como internacional, formadora de centenas de professores, tanto em Espanha como em diferentes pa\\u00edses do mundo.<\\\/p>\\n\n\n<p>A EEDAP oferece cursos de forma\\u00e7\\u00e3o aprofundados e completos que englobam desde a cria\\u00e7\\u00e3o do M\\u00e9todo at\\u00e9 \\u00e0 sua fase final, tal e qual como foi desenhado pelo seu criador J.H. Pilates e posteriormente pela sua disc\\u00edpula direta Romama Kryzanowska.<\\\/p>\\n\n\n<p>A Escuela Espa\\u00f1ola est\\u00e1 atualmente dirigida pelo Sr. Fabien Menegon, certificado pela Sra. Kryzanowska, seguindo o seu legado e difus\\u00e3o do M\\u00e9todo.<\\\/p>\\n\n\n<p>Fabien Menegon, reconhecido como um dos melhores profissionais do setor, conta com 20 anos de experi\\u00eancia e dedica\\u00e7\\u00e3o no ensinamento do M\\u00e9todo e na forma\\u00e7\\u00e3o de professores, com a ajuda dos seus colaboradores, reformou a pedagogia de ensinamento dos cursos tradicionais conhecidos at\\u00e9 agora, com o fim de oferecer aos futuros profissionais um conhecimento preciso do M\\u00e9todo, melhorando o seu rendimento e adequando-o aos tempos modernos sem perder a ess\\u00eancia e exatid\\u00e3o do M\\u00e9todo original.<\\\/p>\\n\n\n<p>\\u00c9 por tudo isto que a forma\\u00e7\\u00e3o da Escuela Espa\\u00f1ola de Aut\\u00e9ntico Pilates est\\u00e1 considerada pelos profissionais como o curso mais completo e extenso, tanto a n\\u00edvel nacional como internacional.<\\\/p>\\n\n\n<p>200 Horas de forma\\u00e7\\u00e3o te\\u00f3rica. As aulas ser\\u00e3o ministradas s\\u00e1bado e domingo. (ver datas). O hor\\u00e1rio depende do centro no qual sejam ministradas as aulas. (consultar centros).<\\\/p>\\n\n\n<p>400 Horas de observa\\u00e7\\u00e3o e pr\\u00e1tica. Estas horas ir\\u00e3o ser distribu\\u00eddas pelo curso em fun\\u00e7\\u00e3o da disponibilidade de cada aluno e do hor\\u00e1rio de abertura do est\\u00fadio (segunda-feira a sexta-feira das 8.00h \\u00e0s 21.00h). Os alunos que residam fora da localiza\\u00e7\\u00e3o do centro de certifica\\u00e7\\u00e3o ter\\u00e3o a possibilidade de realizar, baixo a tutela de outro professor, as horas de pr\\u00e1tica e observa\\u00e7\\u00e3o necess\\u00e1rias. Depois de cada semin\\u00e1rio, o instrutor indicar\\u00e1 ao aluno como dever\\u00e1 realizar as suas pr\\u00e1ticas tendo em conta o semin\\u00e1rio seguinte e futuros exames para melhorar a sua aprendizagem.<\\\/p>\\n\n\n<p>Manuais. Em cada semin\\u00e1rio ser\\u00e1 distribu\\u00eddo ao aluno um manual que inclu\\u00ed a lista de exerc\\u00edcios, a posi\\u00e7\\u00e3o do professor, os elementos de observa\\u00e7\\u00e3o necess\\u00e1rios para construir uma aula adequada para cada cliente, a estrutura de cada exerc\\u00edcio, as patologias e morfologias a ter em conta no momento de dar a aula, assim como os aspetos que cada aluno ter\\u00e1 que ter presente no momento de praticar o dito exerc\\u00edcio. A totalidade dos manuais formam uma enciclop\\u00e9dia do M\\u00e9todo Pilates de mais de 1.000 p\\u00e1ginas para a pr\\u00e1tica correta do M\\u00e9todo.<\\\/p>\"}},{\"type\":\"grid_item\",\"props\":{\"title\":\"PROGRAMA GERAL\",\"content\":\"\n\n<ul>\\n\n\n<li>M\\u00e1quinas: Reformer, Mat, Cadillac, Cadeiras, Barris e Pr\\u00e9-Pilates. Estudar-se-\\u00e3o os n\\u00edveis b\\u00e1sico, interm\\u00e9dio e avan\\u00e7ado em cada uma das m\\u00e1quinas. Entregar-se-\\u00e1 um manual de trabalho para cada n\\u00edvel, especificando cada exerc\\u00edcio e as suas poss\\u00edveis modifica\\u00e7\\u00f5es. Ensinar-se-\\u00e1 cada um dos exerc\\u00edcios com precis\\u00e3o, a sua biomec\\u00e2nica, objetivos e a sua rela\\u00e7\\u00e3o com outros exerc\\u00edcios assim como a l\\u00f3gica do M\\u00e9todo.<\\\/li>\\n\n\n<li>Constru\\u00e7\\u00e3o das Aulas: Aprender-se-\\u00e1 a construir as aulas a partir das caracter\\u00edsticas espec\\u00edficas de cada pessoa (patologia, morfologia, etc.). Ensinar-se-\\u00e1 a trabalhar com pessoas com diferentes tipos de les\\u00f5es.<\\\/li>\\n\n\n<li>Observa\\u00e7\\u00e3o: Ensinar-se-\\u00e1 aos alunos como reconhecer as debilidades corporais que poderiam lesionar num futuro um cliente, adaptando a aula \\u00e0 sua medida, prevenindo e elaborando um sistema adequado para o seu corpo.<\\\/li>\\n\n\n<li>Rela\\u00e7\\u00e3o com o cliente: Como dar uma aula, como posicionar-se ante o cliente, como ajud\\u00e1-lo em cada movimento e o uso adequado das m\\u00e1quinas.<\\\/li>\\n\n\n<li>Modifica\\u00e7\\u00f5es do movimento: Este conceito \\u00e9 o eixo central da pr\\u00e1tica do M\\u00e9todo Pilates. Devido a que \\u201ccada pessoa tem um corpo diferente e umas necessidades diferentes\\u201d, \\u00e9 necess\\u00e1rio estabelecer um programa personalizado para cada cliente. Por isso ensinar-se-\\u00e1 as varia\\u00e7\\u00f5es de cada exerc\\u00edcio com o fim de aprender a adapt\\u00e1-los \\u00e0s necessidades de cada cliente.<\\\/li>\\n\n\n<li>Morfologia corporal e patologia articular: Fundamentos de anatomia necess\\u00e1rios para aplicar corretamente o M\\u00e9todo Pilates. Ensinar-se-\\u00e1 de forma precisa como avaliar um professor o corpo do cliente e as pautas a aplicar no momento em que se encontra com les\\u00f5es e morfologias diversas.<\\\/li>\\n<\\\/ul>\"}}]}]}]}],\"name\":\"XP_reordenar_a_quienes_somos\",\"modified\":\"2021-08-17T10:29:30.712Z\"}],\"version\":\"2.5.4\"} --><\/p>\n","protected":false},"excerpt":{"rendered":"<p>QUEM SOMOS CURSO DE INSTRUTOR CERTIFICA\u00c7\u00c3O A Escuela Espa\u00f1ola de Aut\u00e9ntico Pilates (EEDAP) fundada em 2005 \u00e9 a associa\u00e7\u00e3o e colabora\u00e7\u00e3o dos centros de Pilates Aut\u00eantico, tanto a n\u00edvel nacional como internacional, formadora de centenas de professores, tanto em Espanha como em diferentes pa\u00edses do mundo. A EEDAP oferece cursos de forma\u00e7\u00e3o aprofundados e completos [&hellip;]<\/p>\n","protected":false},"author":1,"featured_media":0,"parent":0,"menu_order":2,"comment_status":"closed","ping_status":"closed","template":"","meta":{"_acf_changed":false,"footnotes":""},"class_list":["post-2559","page","type-page","status-publish","hentry"],"acf":[],"_links":{"self":[{"href":"https:\/\/eedap.com\/pt-pt\/wp-json\/wp\/v2\/pages\/2559","targetHints":{"allow":["GET"]}}],"collection":[{"href":"https:\/\/eedap.com\/pt-pt\/wp-json\/wp\/v2\/pages"}],"about":[{"href":"https:\/\/eedap.com\/pt-pt\/wp-json\/wp\/v2\/types\/page"}],"author":[{"embeddable":true,"href":"https:\/\/eedap.com\/pt-pt\/wp-json\/wp\/v2\/users\/1"}],"replies":[{"embeddable":true,"href":"https:\/\/eedap.com\/pt-pt\/wp-json\/wp\/v2\/comments?post=2559"}],"version-history":[{"count":3,"href":"https:\/\/eedap.com\/pt-pt\/wp-json\/wp\/v2\/pages\/2559\/revisions"}],"predecessor-version":[{"id":2572,"href":"https:\/\/eedap.com\/pt-pt\/wp-json\/wp\/v2\/pages\/2559\/revisions\/2572"}],"wp:attachment":[{"href":"https:\/\/eedap.com\/pt-pt\/wp-json\/wp\/v2\/media?parent=2559"}],"curies":[{"name":"wp","href":"https:\/\/api.w.org\/{rel}","templated":true}]}}