{"id":2560,"date":"2021-10-27T10:13:51","date_gmt":"2021-10-27T08:13:51","guid":{"rendered":"https:\/\/eedap.com\/director\/"},"modified":"2021-11-10T10:34:27","modified_gmt":"2021-11-10T09:34:27","slug":"director","status":"publish","type":"page","link":"https:\/\/eedap.com\/pt-pt\/director\/","title":{"rendered":"Director"},"content":{"rendered":"<h1>Director<\/h1>\n<h1>FABIEN MENEGON<\/h1>\n<div>\n<p class=\"p1\">Nascido em Fran\u00e7a, Fabien Menegon dedicou-se desde muito jovem ao cultivo da destreza f\u00edsico-corporal. O seu primeiro contato com o M\u00e9todo Aut\u00eantico de Pilates, especificamente em Haya na Holanda, foi enquanto trabalhava como bailarino de ballet reconhecido internacionalmente nos anos 90. Em 2001, Fabien foi certificado como professor pelo centro de certifica\u00e7\u00e3o Authentic Pilates &#x2122; em Seattle.<\/p>\n<p class=\"p1\">Nos Estados Unidos, aperfei\u00e7oou os seus conhecimentos dando aulas no est\u00fadio de Dorothee VandeWalle no Metropolitan Pilates. Posteriormente, em Nova York, estudou e foi tutorado por descendentes diretos de Joseph Pilates, Romana Kryzanowska e Sari Pace Mej\u00eda. Pouco depois, enquanto trabalhava no Est\u00fadio El Arte del Control de Barcelona, Fabien come\u00e7ou a colaborar na forma\u00e7\u00e3o de novos professores e no desenvolvimento e difus\u00e3o do M\u00e9todo.<\/p>\n<\/div>\n<div>\n<p>    <iframe loading=\"lazy\" width=\"100%\" height=\"315\" src=\"https:\/\/www.youtube.com\/embed\/qNNG5HUGbdw\" title=\"YouTube video player\" frameborder=\"0\" allow=\"accelerometer; autoplay; clipboard-write; encrypted-media; gyroscope; picture-in-picture\" allowfullscreen><\/iframe>\n<\/div>\n<div>\n<p class=\"p1\">Em 2003, como membro fundador da Asociaci\u00f3n Espa\u00f1ola de Profesores del M\u00e9todo Pilates, decidiu abrir o \u201cCentre Pilates Barcelona\u201d no cora\u00e7\u00e3o da cidade. Desde a\u00ed, deu mais de 50.000 aulas a particulares que v\u00e3o desde desportistas de alto n\u00edvel at\u00e9 pessoas com diversas patologias convertendo-se em um dos professores com mais experi\u00eancia e reconhecidos no setor.<\/p>\n<\/div>\n<div>\n<p class=\"p1\">Em 2004, Fabien fundou a EEDAP (Escuela Espa\u00f1ola de Aut\u00e9ntico Pilates) que oferece cursos de certifica\u00e7\u00e3o para futuros profissionais no M\u00e9todo Aut\u00eantico. Centenas de profissionais de todo o mundo certificaram-se na sua escola com localiza\u00e7\u00f5es que agora se estendem para al\u00e9m de Barcelona e incluem Sevilla, Vigo e Porto (Portugal).<\/p>\n<p class=\"p1\">Sob a dire\u00e7\u00e3o de Fabien Menegon, a escola oferece semin\u00e1rios destinados a ajudar os profissionais em temas como \u201cPilates e escoliose\u201d, \u201cPilates e gravidez\u201d e \u201cPilates e sistema respirat\u00f3rio\u201d, al\u00e9m de participar em conven\u00e7\u00f5es internacionais na Europa e na Am\u00e9rica do Sul. Em 2016, cofundou \u201cUno Pilates Method\u201d e come\u00e7ou a gravar v\u00eddeos em ingl\u00eas, franc\u00eas e espanhol na aclamada p\u00e1gina web \u00b7Pilatesology\u201d, um esfor\u00e7o que continua na atualidade.<\/p>\n<p class=\"p1\">Mais recentemente, Fabien come\u00e7ou a produzir epis\u00f3dios web desenhados para ajudar os profissionais na sua pr\u00e1tica. Estes \u201cTips V\u00eddeos\u201d podem ser vistos no canal de Youtube da EEDAP e na respetivamente p\u00e1gina de Instagram sem custos.<\/p>\n<\/div>\n<div>\n<p class=\"p1\">Fabien Menegon estudou ballet no Conservat\u00f3rio Nacional de Dan\u00e7a de Picardie, a \u00d3pera de Paris e com Rosella Hightower depois de um breve per\u00edodo como atleta de gin\u00e1stica. Fabien recebeu medalhas de oro, tanto no Concurso Nacional Franc\u00eas de gin\u00e1stica atl\u00e9tica como bailarino no Conservat\u00f3rio de Picardie. Mais tarde atuou com a \u00d3pera de Paris, a Companhia Comunal de Triestre (It\u00e1lia), o Ballet Scapino (Pa\u00edses Baixos) e o Lanonima Imperial para o Teatro Nacional da Catalunha. Realizou ballets coreografados por George Balanchine, Marius Petipa, Serge Lifar, Claude Bessy, Maurice B\u00e9jart, Ji\u0159\u00ed Kilian, Ed Wubbe, Itzik Galili, Richard Werlock y Rudolf Nureyev, com frequ\u00eancia dan\u00e7ava com Nureyev. Como bailarino, realizou in\u00fameras giras pela Europa, Jap\u00e3o, Egipto, Estados Unidos e Reino Unido.<\/p>\n<\/div>\n<div>\n<p class=\"p1\">Fabien Menegon \u00e9 atualmente um dos instrutores de profissionais mais cobi\u00e7ados que trabalham no M\u00e9todo Aut\u00eantico de Pilates a n\u00edvel mundial.<\/p>\n<\/div>\n<p><!--more--><br \/>\n<!-- {\"type\":\"layout\",\"children\":[{\"name\":\"XP_header_v1\",\"type\":\"section\",\"props\":{\"style\":\"default\",\"width\":\"default\",\"image_size\":\"cover\",\"padding_remove_bottom\":false,\"animation_delay\":\"200\",\"image\":\"wp-content\\\/uploads\\\/DSC1971.jpeg\",\"image_position\":\"top-center\",\"vertical_align\":\"middle\",\"title_position\":\"top-left\",\"title_rotation\":\"left\",\"title_breakpoint\":\"xl\",\"image_parallax_bgy_end\":\"500\",\"image_parallax_breakpoint\":\"m\",\"text_color\":\"light\",\"media_overlay\":\"rgba(249, 161, 67, 0.5)\",\"image_parallax_bgy_start\":\"450\",\"padding\":\"large\",\"header_transparent\":\"light\"},\"children\":[{\"name\":\"\",\"type\":\"row\",\"props\":{\"margin\":\"xlarge\"},\"children\":[{\"name\":\"\",\"type\":\"column\",\"props\":{\"image_position\":\"center-center\",\"width_medium\":\"1-1\",\"media_overlay_gradient\":\"\"},\"children\":[{\"name\":\"\",\"type\":\"headline\",\"props\":{\"title_element\":\"h1\",\"content\":\"Director\",\"title_style\":\"heading-small\"}}]}]}],\"modified\":\"2021-08-09T12:47:51.079Z\"},{\"type\":\"section\",\"props\":{\"style\":\"default\",\"width\":\"default\",\"vertical_align\":\"middle\",\"title_position\":\"top-left\",\"title_rotation\":\"left\",\"title_breakpoint\":\"xl\",\"image_position\":\"center-center\"},\"children\":[{\"type\":\"row\",\"children\":[{\"type\":\"column\",\"props\":{\"image_position\":\"center-center\",\"media_overlay_gradient\":\"\",\"width_medium\":\"1-2\",\"vertical_align\":\"bottom\"},\"children\":[{\"type\":\"headline\",\"props\":{\"title_element\":\"h1\",\"content\":\"FABIEN MENEGON\"}},{\"type\":\"text\",\"props\":{\"margin\":\"default\",\"column_breakpoint\":\"m\",\"content\":\"\n\n<p class=\\\"p1\\\">Nascido em Fran\\u00e7a, Fabien Menegon dedicou-se desde muito jovem ao cultivo da destreza f\\u00edsico-corporal. O seu primeiro contato com o M\\u00e9todo Aut\\u00eantico de Pilates, especificamente em Haya na Holanda, foi enquanto trabalhava como bailarino de ballet reconhecido internacionalmente nos anos 90. Em 2001, Fabien foi certificado como professor pelo centro de certifica\\u00e7\\u00e3o Authentic Pilates \\u2122 em Seattle.<\\\/p>\\n\n\n<p class=\\\"p1\\\">Nos Estados Unidos, aperfei\\u00e7oou os seus conhecimentos dando aulas no est\\u00fadio de Dorothee VandeWalle no Metropolitan Pilates. Posteriormente, em Nova York, estudou e foi tutorado por descendentes diretos de Joseph Pilates, Romana Kryzanowska e Sari Pace Mej\\u00eda. Pouco depois, enquanto trabalhava no Est\\u00fadio El Arte del Control de Barcelona, Fabien come\\u00e7ou a colaborar na forma\\u00e7\\u00e3o de novos professores e no desenvolvimento e difus\\u00e3o do M\\u00e9todo.<\\\/p>\",\"text_align\":\"justify\"}}]},{\"type\":\"column\",\"props\":{\"image_position\":\"center-center\",\"media_overlay_gradient\":\"\",\"width_medium\":\"1-2\",\"vertical_align\":\"bottom\"},\"children\":[{\"type\":\"html\",\"props\":{\"content\":\"<iframe width=\\\"100%\\\" height=\\\"315\\\" src=\\\"https:\\\/\\\/www.youtube.com\\\/embed\\\/qNNG5HUGbdw\\\" title=\\\"YouTube video player\\\" frameborder=\\\"0\\\" allow=\\\"accelerometer; autoplay; clipboard-write; encrypted-media; gyroscope; picture-in-picture\\\" allowfullscreen><\\\/iframe>\"}}]}],\"props\":{\"layout\":\"1-2,1-2\"}},{\"type\":\"row\",\"children\":[{\"type\":\"column\",\"props\":{\"image_position\":\"center-center\",\"media_overlay_gradient\":\"\"},\"children\":[{\"type\":\"text\",\"props\":{\"margin\":\"default\",\"column_breakpoint\":\"m\",\"content\":\"\n\n<p class=\\\"p1\\\">Em 2003, como membro fundador da Asociaci\\u00f3n Espa\\u00f1ola de Profesores del M\\u00e9todo Pilates, decidiu abrir o \\u201cCentre Pilates Barcelona\\u201d no cora\\u00e7\\u00e3o da cidade. Desde a\\u00ed, deu mais de 50.000 aulas a particulares que v\\u00e3o desde desportistas de alto n\\u00edvel at\\u00e9 pessoas com diversas patologias convertendo-se em um dos professores com mais experi\\u00eancia e reconhecidos no setor.<\\\/p>\",\"text_align\":\"justify\"}},{\"type\":\"text\",\"props\":{\"margin\":\"default\",\"column_breakpoint\":\"m\",\"content\":\"\n\n<p class=\\\"p1\\\">Em 2004, Fabien fundou a EEDAP (Escuela Espa\\u00f1ola de Aut\\u00e9ntico Pilates) que oferece cursos de certifica\\u00e7\\u00e3o para futuros profissionais no M\\u00e9todo Aut\\u00eantico. Centenas de profissionais de todo o mundo certificaram-se na sua escola com localiza\\u00e7\\u00f5es que agora se estendem para al\\u00e9m de Barcelona e incluem Sevilla, Vigo e Porto (Portugal).<\\\/p>\\n\n\n<p class=\\\"p1\\\">Sob a dire\\u00e7\\u00e3o de Fabien Menegon, a escola oferece semin\\u00e1rios destinados a ajudar os profissionais em temas como \\u201cPilates e escoliose\\u201d, \\u201cPilates e gravidez\\u201d e \\u201cPilates e sistema respirat\\u00f3rio\\u201d, al\\u00e9m de participar em conven\\u00e7\\u00f5es internacionais na Europa e na Am\\u00e9rica do Sul. Em 2016, cofundou \\u201cUno Pilates Method\\u201d e come\\u00e7ou a gravar v\\u00eddeos em ingl\\u00eas, franc\\u00eas e espanhol na aclamada p\\u00e1gina web \\u00b7Pilatesology\\u201d, um esfor\\u00e7o que continua na atualidade.<\\\/p>\\n\n\n<p class=\\\"p1\\\">Mais recentemente, Fabien come\\u00e7ou a produzir epis\\u00f3dios web desenhados para ajudar os profissionais na sua pr\\u00e1tica. Estes \\u201cTips V\\u00eddeos\\u201d podem ser vistos no canal de Youtube da EEDAP e na respetivamente p\\u00e1gina de Instagram sem custos.<\\\/p>\",\"text_align\":\"justify\"}},{\"type\":\"text\",\"props\":{\"margin\":\"default\",\"column_breakpoint\":\"m\",\"content\":\"\n\n<p class=\\\"p1\\\">Fabien Menegon estudou ballet no Conservat\\u00f3rio Nacional de Dan\\u00e7a de Picardie, a \\u00d3pera de Paris e com Rosella Hightower depois de um breve per\\u00edodo como atleta de gin\\u00e1stica. Fabien recebeu medalhas de oro, tanto no Concurso Nacional Franc\\u00eas de gin\\u00e1stica atl\\u00e9tica como bailarino no Conservat\\u00f3rio de Picardie. Mais tarde atuou com a \\u00d3pera de Paris, a Companhia Comunal de Triestre (It\\u00e1lia), o Ballet Scapino (Pa\\u00edses Baixos) e o Lanonima Imperial para o Teatro Nacional da Catalunha. Realizou ballets coreografados por George Balanchine, Marius Petipa, Serge Lifar, Claude Bessy, Maurice B\\u00e9jart, Ji\\u0159\\u00ed Kilian, Ed Wubbe, Itzik Galili, Richard Werlock y Rudolf Nureyev, com frequ\\u00eancia dan\\u00e7ava com Nureyev. Como bailarino, realizou in\\u00fameras giras pela Europa, Jap\\u00e3o, Egipto, Estados Unidos e Reino Unido.<\\\/p>\",\"text_align\":\"justify\"}},{\"type\":\"text\",\"props\":{\"margin\":\"default\",\"column_breakpoint\":\"m\",\"content\":\"\n\n<p class=\\\"p1\\\">Fabien Menegon \\u00e9 atualmente um dos instrutores de profissionais mais cobi\\u00e7ados que trabalham no M\\u00e9todo Aut\\u00eantico de Pilates a n\\u00edvel mundial.<\\\/p>\"}}]}]}]}],\"version\":\"2.5.4\"} --><\/p>\n","protected":false},"excerpt":{"rendered":"<p>Director FABIEN MENEGON Nascido em Fran\u00e7a, Fabien Menegon dedicou-se desde muito jovem ao cultivo da destreza f\u00edsico-corporal. O seu primeiro contato com o M\u00e9todo Aut\u00eantico de Pilates, especificamente em Haya na Holanda, foi enquanto trabalhava como bailarino de ballet reconhecido internacionalmente nos anos 90. Em 2001, Fabien foi certificado como professor pelo centro de certifica\u00e7\u00e3o [&hellip;]<\/p>\n","protected":false},"author":1,"featured_media":0,"parent":0,"menu_order":3,"comment_status":"open","ping_status":"closed","template":"","meta":{"_acf_changed":false,"footnotes":""},"class_list":["post-2560","page","type-page","status-publish","hentry"],"acf":[],"_links":{"self":[{"href":"https:\/\/eedap.com\/pt-pt\/wp-json\/wp\/v2\/pages\/2560","targetHints":{"allow":["GET"]}}],"collection":[{"href":"https:\/\/eedap.com\/pt-pt\/wp-json\/wp\/v2\/pages"}],"about":[{"href":"https:\/\/eedap.com\/pt-pt\/wp-json\/wp\/v2\/types\/page"}],"author":[{"embeddable":true,"href":"https:\/\/eedap.com\/pt-pt\/wp-json\/wp\/v2\/users\/1"}],"replies":[{"embeddable":true,"href":"https:\/\/eedap.com\/pt-pt\/wp-json\/wp\/v2\/comments?post=2560"}],"version-history":[{"count":5,"href":"https:\/\/eedap.com\/pt-pt\/wp-json\/wp\/v2\/pages\/2560\/revisions"}],"predecessor-version":[{"id":2772,"href":"https:\/\/eedap.com\/pt-pt\/wp-json\/wp\/v2\/pages\/2560\/revisions\/2772"}],"wp:attachment":[{"href":"https:\/\/eedap.com\/pt-pt\/wp-json\/wp\/v2\/media?parent=2560"}],"curies":[{"name":"wp","href":"https:\/\/api.w.org\/{rel}","templated":true}]}}