{"id":2563,"date":"2021-10-27T10:14:28","date_gmt":"2021-10-27T08:14:28","guid":{"rendered":"https:\/\/eedap.com\/calendario\/"},"modified":"2025-02-25T17:15:48","modified_gmt":"2025-02-25T16:15:48","slug":"calendario","status":"publish","type":"page","link":"https:\/\/eedap.com\/pt-pt\/calendario\/","title":{"rendered":"Calend\u00e1rio"},"content":{"rendered":"<h1>Calendario<\/h1>\n<div>\n<p>    <iframe loading=\"lazy\" width=\"560\" height=\"315\" src=\"https:\/\/www.youtube.com\/embed\/zSFlKHeKrnk?si=Xv_TTUIVSXzRmvRf\" title=\"YouTube video player\" frameborder=\"0\" allow=\"accelerometer; autoplay; clipboard-write; encrypted-media; gyroscope; picture-in-picture; web-share\" allowfullscreen><\/iframe>\n<\/div>\n<h1><a href=\"https:\/\/www.universopilatessevilla.com\/#contacto\">Barcelona<\/a><\/h1>\n<div>\n<h3><strong>CURSO 2025<\/strong><\/h3>\n<p><strong>Data de in\u00edcio:<\/strong> Janeiro de 2025<br \/><strong>Data de conclus\u00e3o:<\/strong> Dezembro de 2025<\/p>\n<div>Semin\u00e1rio 1 \u00a0 \u00a0 \u00a0 \u00a025-26 Janeiro<br \/>Semin\u00e1rio 2 \u00a0 \u00a0 \u00a0 \u00a015-16 Fevereiro<br \/>Semin\u00e1rio 3 \u00a0 \u00a0 \u00a0 \u00a08-9 Mar\u00e7o<br \/>Semin\u00e1rio 4 \u00a0 \u00a0 \u00a0 \u00a012-13 Abril<br \/>Semin\u00e1rio 5 \u00a0 \u00a0 \u00a0 \u00a017-18 Maio<br \/>Semin\u00e1rio 6 \u00a0 \u00a0 \u00a0 \u00a014-15 Junho<br \/>Semin\u00e1rio 7 \u00a0 \u00a0 \u00a0 \u00a012-13 Julho<br \/>Semin\u00e1rio 8 \u00a0 \u00a0 \u00a0 \u00a05-6 Setembro<br \/>Semin\u00e1rio 9 \u00a0 \u00a0 \u00a0 \u00a01-2 Novembro<br \/>Semin\u00e1rio 10 \u00a0 \u00a0 \u00a020-21 Dezembro (Zoom)<\/div>\n<\/div>\n<h1><a href=\"http:\/\/www.pilates-barcelona.com\/\">Vigo<\/a><\/h1>\n<div>\n<h3><strong>CURSO 2025<\/strong><\/h3>\n<p><strong>Data de in\u00edcio:<\/strong> Fevereiro de 2025<br \/><strong>Data de conclus\u00e3o:<\/strong> Dezembro de 2025<\/p>\n<div>Semin\u00e1rio 1 \u00a0 \u00a0 \u00a0 \u00a01-2 Fevereiro<br \/>Semin\u00e1rio 2 \u00a0 \u00a0 \u00a0 \u00a01-2 Mar\u00e7o<br \/>Semin\u00e1rio 3 \u00a0 \u00a0 \u00a0 \u00a05-6 Abril<br \/>Semin\u00e1rio 4 \u00a0 \u00a0 \u00a0 \u00a010-11 Maio<br \/>Semin\u00e1rio 5 \u00a0 \u00a0 \u00a0 \u00a021-22 Junho<br \/>Semin\u00e1rio 6 \u00a0 \u00a0 \u00a0 \u00a019-20 Julho<br \/>Semin\u00e1rio 7 \u00a0 \u00a0 \u00a0 \u00a06-7 Setembro<br \/>Semin\u00e1rio 8 \u00a0 \u00a0 \u00a0 \u00a04-5 Outubro<br \/>Semin\u00e1rio 9 \u00a0 \u00a0 \u00a0 \u00a025-26 Novembro<br \/>Semin\u00e1rio 10 \u00a0 \u00a0 \u00a020-21 Dezembro<\/div>\n<\/div>\n<h1><a href=\"https:\/\/www.universopilatessevilla.com\/#contacto\">Oporto<\/a><\/h1>\n<div>\n<h3><strong>CURSO 2025<\/strong><\/h3>\n<p><strong>Data de in\u00edcio:<\/strong> Fevereiro de 2025<br \/><strong>Data de conclus\u00e3o:<\/strong> Janeiro de 2026<\/p>\n<div>Semin\u00e1rio 1 \u00a0 \u00a0 \u00a0 \u00a0 8-9 Fevereiro<br \/>Semin\u00e1rio 2 \u00a0 \u00a0 \u00a0 \u00a015-16 Mar\u00e7o<br \/>Semin\u00e1rio 3 \u00a0 \u00a0 \u00a0 \u00a012-13 Abril<br \/>Semin\u00e1rio 4 \u00a0 \u00a0 \u00a0 \u00a024-25 Maio<br \/>Semin\u00e1rio 5 \u00a0 \u00a0 \u00a0 \u00a014-15 Junho<br \/>Semin\u00e1rio 6 \u00a0 \u00a0 \u00a0 \u00a019-20 Julho<br \/>Semin\u00e1rio 7 \u00a0 \u00a0 \u00a0 \u00a013-14 Setembro<br \/>Semin\u00e1rio 8 \u00a0 \u00a0 \u00a0 \u00a08-9 Novembro<br \/>Semin\u00e1rio 9 \u00a0 \u00a0 \u00a0 \u00a06-7 Dezembro<br \/>Semin\u00e1rio 10 \u00a0 \u00a0 \u00a011-12 Janeiro<\/div>\n<\/div>\n<h1><a href=\"https:\/\/formacionpilatesautentico.wordpress.com\/contact\/\">Sevilla<\/a><\/h1>\n<div>\n<h3><strong>CURSO 2025<\/strong><\/h3>\n<p><strong>Data de in\u00edcio:<\/strong> Fevereiro de 2025<br \/><strong>Data de conclus\u00e3o:<\/strong> <span>Noviembre<\/span> de 2025<\/p>\n<div>Semin\u00e1rio 1 \u00a0\u00a0\u00a0\u00a0\u00a0\u00a0\u00a022-23 Fevereiro<br \/>Semin\u00e1rio 2\u00a0\u00a0\u00a0\u00a0\u00a0\u00a0\u00a0 22-23 Mar\u00e7o<br \/>Semin\u00e1rio 3 \u00a0 \u00a0 \u00a0 \u00a026-27 Abril<br \/>Semin\u00e1rio 4 \u00a0 \u00a0 \u00a0 \u00a024-25 Maio<br \/>Semin\u00e1rio 5\u00a0\u00a0\u00a0\u00a0\u00a0\u00a0\u00a0 28-29 Junho<br \/>Semin\u00e1rio 6 \u00a0 \u00a0 \u00a0 \u00a026-27 Julho<br \/>Semin\u00e1rio 7\u00a0\u00a0\u00a0\u00a0\u00a0\u00a0\u00a0 27-28 Setembro<br \/>Semin\u00e1rio 8\u00a0\u00a0\u00a0\u00a0\u00a0\u00a0\u00a0 18-19 Outubro<br \/>Semin\u00e1rio 9\u00a0\u00a0\u00a0\u00a0\u00a0\u00a0\u00a0 22-23 Novembro<br \/>Semin\u00e1rio 10 \u00a0 \u00a0 \u00a020-21 Dezembro (Z0om)<\/div>\n<\/div>\n<h1><a href=\"http:\/\/scooppilatesequipment.com\/contacto\/\">Alicante<\/a><\/h1>\n<div>\n<h3><strong>CURSO 2025<\/strong><\/h3>\n<p><strong>Data de in\u00edcio:<\/strong> Janeiro de 2025<br \/><strong>Data de conclus\u00e3o:<\/strong> Setembro\u00a0de 2025<\/p>\n<div style=\"caret-color: #000000; color: #000000;\">Semin\u00e1rio 1 \u00a0 \u00a0 \u00a0 \u00a018-19 Janeiro<br \/>Semin\u00e1rio 2 \u00a0 \u00a0 \u00a0 \u00a015-16 Fevereiro<br \/>Semin\u00e1rio 3 \u00a0 \u00a0 \u00a0 \u00a026-27 Abril<br \/>Semin\u00e1rio 4 \u00a0 \u00a0 \u00a0 \u00a017-18 Maio<br \/>Semin\u00e1rio 5 \u00a0 \u00a0 \u00a0 \u00a021-23 Junho<br \/>Semin\u00e1rio 6 \u00a0 \u00a0 \u00a0 \u00a019-20 Julho<br \/>Semin\u00e1rio 7 \u00a0 \u00a0 \u00a0 \u00a030-31 Agosto<br \/>Semin\u00e1rio 8 \u00a0 \u00a0 \u00a0 \u00a020-21 Setembro<br \/>Semin\u00e1rio 9 \u00a0 \u00a0 \u00a0 \u00a011-12 Outubro<br \/>Semin\u00e1rio 10 \u00a0 \u00a0 \u00a020-21 Dezembro<\/div>\n<\/div>\n<h1><a href=\"http:\/\/scooppilatesequipment.com\/contacto\/\">Veracruz, M\u00e9xico<\/a><\/h1>\n<div>\n<h3><strong>CURSO 2025<\/strong><\/h3>\n<p><strong>Data de in\u00edcio:<\/strong> Mar\u00e7o de 2025<\/p>\n<div style=\"caret-color: #000000; color: #000000;\">Semin\u00e1rio 4 \u00a0 \u00a0 \u00a0 \u00a013-16 Mar\u00e7o<br \/>Semin\u00e1rio 5 \u00a0 \u00a0 \u00a0 \u00a010-13 Julho<br \/>Semin\u00e1rio 6 \u00a0 \u00a0 \u00a0 \u00a06-9 Novembro<\/div>\n<\/div>\n<h1><a href=\"https:\/\/formacionpilatesautentico.wordpress.com\/contact\/\">Rio de Janeiro<\/a><\/h1>\n<div>\n<h3><strong>CURSO 2025<\/strong><\/h3>\n<p><strong>Data de in\u00edcio:<\/strong> Mar\u00e7o de 2024<\/p>\n<div>Semin\u00e1rio 4 \u00a0 \u00a0 \u00a0 \u00a020-23 Mar\u00e7o<br \/>Semin\u00e1rio 5 \u00a0 \u00a0 \u00a0 \u00a017-20 de Julho<br \/>Semin\u00e1rio 6 \u00a0 \u00a0 \u00a0 \u00a013-16 Novembro<\/div>\n<div>\n<h3><strong>CURSO 2025<\/strong><\/h3>\n<p><strong>Data de in\u00edcio:<\/strong> Mar\u00e7o de 2025<\/p>\n<div>Semin\u00e1rio 1 \u00a0 \u00a0 \u00a0 \u00a027-30 Mar\u00e7o<br \/>Semin\u00e1rio 2 \u00a0 \u00a0 \u00a0 \u00a024-27 Julho<br \/>Semin\u00e1rio 3 \u00a0 \u00a0 \u00a0 \u00a020-23 Novembro<\/div>\n<\/div>\n<\/div>\n<p><!--more--><br \/>\n<!-- {\"type\":\"layout\",\"children\":[{\"name\":\"XP_header_v2\",\"type\":\"section\",\"props\":{\"style\":\"default\",\"width\":\"default\",\"image_size\":\"cover\",\"padding_remove_bottom\":false,\"animation_delay\":\"200\",\"image\":\"wp-content\\\/uploads\\\/DSC2324_180.jpg\",\"image_position\":\"center-center\",\"vertical_align\":\"middle\",\"title_position\":\"top-left\",\"title_rotation\":\"left\",\"title_breakpoint\":\"xl\",\"image_parallax_breakpoint\":\"m\",\"text_color\":\"light\",\"media_overlay\":\"rgba(249, 161, 67, 0.5)\",\"padding\":\"large\",\"header_transparent\":\"light\",\"image_parallax_bgy\":\"450,500\"},\"children\":[{\"name\":\"\",\"type\":\"row\",\"props\":{\"margin\":\"xlarge\"},\"children\":[{\"name\":\"\",\"type\":\"column\",\"props\":{\"image_position\":\"center-center\",\"width_medium\":\"1-1\",\"media_overlay_gradient\":\"\",\"position_sticky_breakpoint\":\"m\"},\"children\":[{\"name\":\"\",\"type\":\"headline\",\"props\":{\"title_element\":\"h1\",\"content\":\"Calendario\",\"title_style\":\"heading-small\"}}]}]}],\"modified\":\"2021-08-17T10:28:48.159Z\"},{\"type\":\"section\",\"props\":{\"style\":\"default\",\"width\":\"default\",\"vertical_align\":\"middle\",\"title_position\":\"top-left\",\"title_rotation\":\"left\",\"title_breakpoint\":\"xl\",\"image_position\":\"center-center\"},\"children\":[{\"type\":\"row\",\"children\":[{\"type\":\"column\",\"props\":{\"image_position\":\"center-center\",\"media_overlay_gradient\":\"\",\"position_sticky_breakpoint\":\"m\"},\"children\":[{\"type\":\"html\",\"props\":{\"content\":\"<iframe width=\\\"560\\\" height=\\\"315\\\" src=\\\"https:\\\/\\\/www.youtube.com\\\/embed\\\/zSFlKHeKrnk?si=Xv_TTUIVSXzRmvRf\\\" title=\\\"YouTube video player\\\" frameborder=\\\"0\\\" allow=\\\"accelerometer; autoplay; clipboard-write; encrypted-media; gyroscope; picture-in-picture; web-share\\\" allowfullscreen><\\\/iframe>\",\"class\":\"uk-text-center\"},\"modified\":\"2021-09-27T09:20:23.750Z\",\"name\":\"eeeeee2\"}]}]},{\"type\":\"row\",\"children\":[{\"type\":\"column\",\"props\":{\"image_position\":\"center-center\",\"media_overlay_gradient\":\"\",\"width_medium\":\"1-3\",\"position_sticky_breakpoint\":\"m\"},\"children\":[{\"type\":\"headline\",\"props\":{\"title_element\":\"h1\",\"content\":\"Barcelona\",\"link\":\"https:\\\/\\\/www.universopilatessevilla.com\\\/#contacto\",\"link_target\":true}},{\"type\":\"text\",\"props\":{\"margin\":\"default\",\"column_breakpoint\":\"m\",\"content\":\"\n\n<h3><strong>CURSO 2025<\\\/strong><\\\/h3>\\n\n\n<p><strong>Data de in\\u00edcio:<\\\/strong> Janeiro de 2025<br \\\/><strong>Data de conclus\\u00e3o:<\\\/strong> Dezembro de 2025<\\\/p>\\n\n\n<div>Semin\\u00e1rio 1 \\u00a0 \\u00a0 \\u00a0 \\u00a025-26 Janeiro<br \\\/>Semin\\u00e1rio 2 \\u00a0 \\u00a0 \\u00a0 \\u00a015-16 Fevereiro<br \\\/>Semin\\u00e1rio 3 \\u00a0 \\u00a0 \\u00a0 \\u00a08-9 Mar\\u00e7o<br \\\/>Semin\\u00e1rio 4 \\u00a0 \\u00a0 \\u00a0 \\u00a012-13 Abril<br \\\/>Semin\\u00e1rio 5 \\u00a0 \\u00a0 \\u00a0 \\u00a017-18 Maio<br \\\/>Semin\\u00e1rio 6 \\u00a0 \\u00a0 \\u00a0 \\u00a014-15 Junho<br \\\/>Semin\\u00e1rio 7 \\u00a0 \\u00a0 \\u00a0 \\u00a012-13 Julho<br \\\/>Semin\\u00e1rio 8 \\u00a0 \\u00a0 \\u00a0 \\u00a05-6 Setembro<br \\\/>Semin\\u00e1rio 9 \\u00a0 \\u00a0 \\u00a0 \\u00a01-2 Novembro<br \\\/>Semin\\u00e1rio 10 \\u00a0 \\u00a0 \\u00a020-21 Dezembro (Zoom)<\\\/div>\"}}]},{\"type\":\"column\",\"props\":{\"image_position\":\"center-center\",\"media_overlay_gradient\":\"\",\"width_medium\":\"1-3\",\"position_sticky_breakpoint\":\"m\"},\"children\":[{\"type\":\"headline\",\"props\":{\"title_element\":\"h1\",\"content\":\"Vigo\",\"link\":\"http:\\\/\\\/www.pilates-barcelona.com\\\/\",\"link_target\":true}},{\"type\":\"text\",\"props\":{\"margin\":\"default\",\"column_breakpoint\":\"m\",\"content\":\"\n\n<h3><strong>CURSO 2025<\\\/strong><\\\/h3>\\n\n\n<p><strong>Data de in\\u00edcio:<\\\/strong> Fevereiro de 2025<br \\\/><strong>Data de conclus\\u00e3o:<\\\/strong> Dezembro de 2025<\\\/p>\\n\n\n<div>Semin\\u00e1rio 1 \\u00a0 \\u00a0 \\u00a0 \\u00a01-2 Fevereiro<br \\\/>Semin\\u00e1rio 2 \\u00a0 \\u00a0 \\u00a0 \\u00a01-2 Mar\\u00e7o<br \\\/>Semin\\u00e1rio 3 \\u00a0 \\u00a0 \\u00a0 \\u00a05-6 Abril<br \\\/>Semin\\u00e1rio 4 \\u00a0 \\u00a0 \\u00a0 \\u00a010-11 Maio<br \\\/>Semin\\u00e1rio 5 \\u00a0 \\u00a0 \\u00a0 \\u00a021-22 Junho<br \\\/>Semin\\u00e1rio 6 \\u00a0 \\u00a0 \\u00a0 \\u00a019-20 Julho<br \\\/>Semin\\u00e1rio 7 \\u00a0 \\u00a0 \\u00a0 \\u00a06-7 Setembro<br \\\/>Semin\\u00e1rio 8 \\u00a0 \\u00a0 \\u00a0 \\u00a04-5 Outubro<br \\\/>Semin\\u00e1rio 9 \\u00a0 \\u00a0 \\u00a0 \\u00a025-26 Novembro<br \\\/>Semin\\u00e1rio 10 \\u00a0 \\u00a0 \\u00a020-21 Dezembro<\\\/div>\"}}]},{\"type\":\"column\",\"props\":{\"position_sticky_breakpoint\":\"m\",\"image_position\":\"center-center\",\"media_overlay_gradient\":\"\",\"width_medium\":\"1-3\"},\"children\":[{\"type\":\"headline\",\"props\":{\"title_element\":\"h1\",\"content\":\"Oporto\",\"link\":\"https:\\\/\\\/www.universopilatessevilla.com\\\/#contacto\",\"link_target\":true}},{\"type\":\"text\",\"props\":{\"margin\":\"default\",\"column_breakpoint\":\"m\",\"content\":\"\n\n<h3><strong>CURSO 2025<\\\/strong><\\\/h3>\\n\n\n<p><strong>Data de in\\u00edcio:<\\\/strong> Fevereiro de 2025<br \\\/><strong>Data de conclus\\u00e3o:<\\\/strong> Janeiro de 2026<\\\/p>\\n\n\n<div>Semin\\u00e1rio 1 \\u00a0 \\u00a0 \\u00a0 \\u00a0 8-9 Fevereiro<br \\\/>Semin\\u00e1rio 2 \\u00a0 \\u00a0 \\u00a0 \\u00a015-16 Mar\\u00e7o<br \\\/>Semin\\u00e1rio 3 \\u00a0 \\u00a0 \\u00a0 \\u00a012-13 Abril<br \\\/>Semin\\u00e1rio 4 \\u00a0 \\u00a0 \\u00a0 \\u00a024-25 Maio<br \\\/>Semin\\u00e1rio 5 \\u00a0 \\u00a0 \\u00a0 \\u00a014-15 Junho<br \\\/>Semin\\u00e1rio 6 \\u00a0 \\u00a0 \\u00a0 \\u00a019-20 Julho<br \\\/>Semin\\u00e1rio 7 \\u00a0 \\u00a0 \\u00a0 \\u00a013-14 Setembro<br \\\/>Semin\\u00e1rio 8 \\u00a0 \\u00a0 \\u00a0 \\u00a08-9 Novembro<br \\\/>Semin\\u00e1rio 9 \\u00a0 \\u00a0 \\u00a0 \\u00a06-7 Dezembro<br \\\/>Semin\\u00e1rio 10 \\u00a0 \\u00a0 \\u00a011-12 Janeiro<\\\/div>\"}}]}],\"props\":{\"layout\":\"1-3,1-3,1-3\"}},{\"type\":\"row\",\"props\":{\"layout\":\"1-3,1-3,1-3\"},\"children\":[{\"type\":\"column\",\"props\":{\"image_position\":\"center-center\",\"media_overlay_gradient\":\"\",\"width_medium\":\"1-3\",\"position_sticky_breakpoint\":\"m\"},\"children\":[{\"type\":\"headline\",\"props\":{\"title_element\":\"h1\",\"content\":\"Sevilla\",\"link\":\"https:\\\/\\\/formacionpilatesautentico.wordpress.com\\\/contact\\\/\",\"link_target\":true}},{\"type\":\"text\",\"props\":{\"margin\":\"default\",\"column_breakpoint\":\"m\",\"content\":\"\n\n<h3><strong>CURSO 2025<\\\/strong><\\\/h3>\\n\n\n<p><strong>Data de in\\u00edcio:<\\\/strong> Fevereiro de 2025<br \\\/><strong>Data de conclus\\u00e3o:<\\\/strong> <span>Noviembre<\\\/span> de 2025<\\\/p>\\n\n\n<div>Semin\\u00e1rio 1 \\u00a0\\u00a0\\u00a0\\u00a0\\u00a0\\u00a0\\u00a022-23 Fevereiro<br \\\/>Semin\\u00e1rio 2\\u00a0\\u00a0\\u00a0\\u00a0\\u00a0\\u00a0\\u00a0 22-23 Mar\\u00e7o<br \\\/>Semin\\u00e1rio 3 \\u00a0 \\u00a0 \\u00a0 \\u00a026-27 Abril<br \\\/>Semin\\u00e1rio 4 \\u00a0 \\u00a0 \\u00a0 \\u00a024-25 Maio<br \\\/>Semin\\u00e1rio 5\\u00a0\\u00a0\\u00a0\\u00a0\\u00a0\\u00a0\\u00a0 28-29 Junho<br \\\/>Semin\\u00e1rio 6 \\u00a0 \\u00a0 \\u00a0 \\u00a026-27 Julho<br \\\/>Semin\\u00e1rio 7\\u00a0\\u00a0\\u00a0\\u00a0\\u00a0\\u00a0\\u00a0 27-28 Setembro<br \\\/>Semin\\u00e1rio 8\\u00a0\\u00a0\\u00a0\\u00a0\\u00a0\\u00a0\\u00a0 18-19 Outubro<br \\\/>Semin\\u00e1rio 9\\u00a0\\u00a0\\u00a0\\u00a0\\u00a0\\u00a0\\u00a0 22-23 Novembro<br \\\/>Semin\\u00e1rio 10 \\u00a0 \\u00a0 \\u00a020-21 Dezembro (Z0om)<\\\/div>\"}}]},{\"type\":\"column\",\"props\":{\"image_position\":\"center-center\",\"media_overlay_gradient\":\"\",\"width_medium\":\"1-3\",\"position_sticky_breakpoint\":\"m\"},\"children\":[{\"type\":\"headline\",\"props\":{\"title_element\":\"h1\",\"content\":\"Alicante\",\"link\":\"http:\\\/\\\/scooppilatesequipment.com\\\/contacto\\\/\",\"link_target\":true}},{\"type\":\"text\",\"props\":{\"margin\":\"default\",\"column_breakpoint\":\"m\",\"content\":\"\n\n<h3><strong>CURSO 2025<\\\/strong><\\\/h3>\\n\n\n<p><strong>Data de in\\u00edcio:<\\\/strong> Janeiro de 2025<br \\\/><strong>Data de conclus\\u00e3o:<\\\/strong> Setembro\\u00a0de 2025<\\\/p>\\n\n\n<div style=\\\"caret-color: #000000; color: #000000;\\\">Semin\\u00e1rio 1 \\u00a0 \\u00a0 \\u00a0 \\u00a018-19 Janeiro<br \\\/>Semin\\u00e1rio 2 \\u00a0 \\u00a0 \\u00a0 \\u00a015-16 Fevereiro<br \\\/>Semin\\u00e1rio 3 \\u00a0 \\u00a0 \\u00a0 \\u00a026-27 Abril<br \\\/>Semin\\u00e1rio 4 \\u00a0 \\u00a0 \\u00a0 \\u00a017-18 Maio<br \\\/>Semin\\u00e1rio 5 \\u00a0 \\u00a0 \\u00a0 \\u00a021-23 Junho<br \\\/>Semin\\u00e1rio 6 \\u00a0 \\u00a0 \\u00a0 \\u00a019-20 Julho<br \\\/>Semin\\u00e1rio 7 \\u00a0 \\u00a0 \\u00a0 \\u00a030-31 Agosto<br \\\/>Semin\\u00e1rio 8 \\u00a0 \\u00a0 \\u00a0 \\u00a020-21 Setembro<br \\\/>Semin\\u00e1rio 9 \\u00a0 \\u00a0 \\u00a0 \\u00a011-12 Outubro<br \\\/>Semin\\u00e1rio 10 \\u00a0 \\u00a0 \\u00a020-21 Dezembro<\\\/div>\"}}]},{\"type\":\"column\",\"props\":{\"position_sticky_breakpoint\":\"m\",\"image_position\":\"center-center\",\"media_overlay_gradient\":\"\",\"width_medium\":\"1-3\"},\"children\":[{\"type\":\"headline\",\"props\":{\"title_element\":\"h1\",\"content\":\"Veracruz, M\\u00e9xico\",\"link\":\"http:\\\/\\\/scooppilatesequipment.com\\\/contacto\\\/\",\"link_target\":true}},{\"type\":\"text\",\"props\":{\"margin\":\"default\",\"column_breakpoint\":\"m\",\"content\":\"\n\n<h3><strong>CURSO 2025<\\\/strong><\\\/h3>\\n\n\n<p><strong>Data de in\\u00edcio:<\\\/strong> Mar\\u00e7o de 2025<\\\/p>\\n\n\n<div style=\\\"caret-color: #000000; color: #000000;\\\">Semin\\u00e1rio 4 \\u00a0 \\u00a0 \\u00a0 \\u00a013-16 Mar\\u00e7o<br \\\/>Semin\\u00e1rio 5 \\u00a0 \\u00a0 \\u00a0 \\u00a010-13 Julho<br \\\/>Semin\\u00e1rio 6 \\u00a0 \\u00a0 \\u00a0 \\u00a06-9 Novembro<\\\/div>\"}}]}]},{\"type\":\"row\",\"props\":{\"layout\":\"1-3,1-3,1-3\"},\"children\":[{\"type\":\"column\",\"props\":{\"image_position\":\"center-center\",\"media_overlay_gradient\":\"\",\"width_medium\":\"1-3\",\"position_sticky_breakpoint\":\"m\"},\"children\":[{\"type\":\"headline\",\"props\":{\"title_element\":\"h1\",\"content\":\"Rio de Janeiro\",\"link\":\"https:\\\/\\\/formacionpilatesautentico.wordpress.com\\\/contact\\\/\",\"link_target\":true}},{\"type\":\"text\",\"props\":{\"margin\":\"default\",\"column_breakpoint\":\"m\",\"content\":\"\n\n<h3><strong>CURSO 2025<\\\/strong><\\\/h3>\\n\n\n<p><strong>Data de in\\u00edcio:<\\\/strong> Mar\\u00e7o de 2024<\\\/p>\\n\n\n<div>Semin\\u00e1rio 4 \\u00a0 \\u00a0 \\u00a0 \\u00a020-23 Mar\\u00e7o<br \\\/>Semin\\u00e1rio 5 \\u00a0 \\u00a0 \\u00a0 \\u00a017-20 de Julho<br \\\/>Semin\\u00e1rio 6 \\u00a0 \\u00a0 \\u00a0 \\u00a013-16 Novembro<\\\/div>\\n\n\n<div>\\n\n\n<h3><strong>CURSO 2025<\\\/strong><\\\/h3>\\n\n\n<p><strong>Data de in\\u00edcio:<\\\/strong> Mar\\u00e7o de 2025<\\\/p>\\n\n\n<div>Semin\\u00e1rio 1 \\u00a0 \\u00a0 \\u00a0 \\u00a027-30 Mar\\u00e7o<br \\\/>Semin\\u00e1rio 2 \\u00a0 \\u00a0 \\u00a0 \\u00a024-27 Julho<br \\\/>Semin\\u00e1rio 3 \\u00a0 \\u00a0 \\u00a0 \\u00a020-23 Novembro<\\\/div>\\n<\\\/div>\"}}]},{\"type\":\"column\",\"props\":{\"image_position\":\"center-center\",\"media_overlay_gradient\":\"\",\"width_medium\":\"1-3\",\"position_sticky_breakpoint\":\"m\"},\"children\":[]},{\"type\":\"column\",\"props\":{\"position_sticky_breakpoint\":\"m\",\"image_position\":\"center-center\",\"media_overlay_gradient\":\"\",\"width_medium\":\"1-3\"},\"children\":[]}]}]}],\"version\":\"3.0.5\"} --><\/p>\n","protected":false},"excerpt":{"rendered":"<p>Calendario Barcelona CURSO 2025 Data de in\u00edcio: Janeiro de 2025Data de conclus\u00e3o: Dezembro de 2025 Semin\u00e1rio 1 \u00a0 \u00a0 \u00a0 \u00a025-26 JaneiroSemin\u00e1rio 2 \u00a0 \u00a0 \u00a0 \u00a015-16 FevereiroSemin\u00e1rio 3 \u00a0 \u00a0 \u00a0 \u00a08-9 Mar\u00e7oSemin\u00e1rio 4 \u00a0 \u00a0 \u00a0 \u00a012-13 AbrilSemin\u00e1rio 5 \u00a0 \u00a0 \u00a0 \u00a017-18 MaioSemin\u00e1rio 6 \u00a0 \u00a0 \u00a0 \u00a014-15 JunhoSemin\u00e1rio 7 \u00a0 \u00a0 [&hellip;]<\/p>\n","protected":false},"author":1,"featured_media":0,"parent":0,"menu_order":6,"comment_status":"closed","ping_status":"closed","template":"","meta":{"_acf_changed":false,"footnotes":""},"class_list":["post-2563","page","type-page","status-publish","hentry"],"acf":[],"_links":{"self":[{"href":"https:\/\/eedap.com\/pt-pt\/wp-json\/wp\/v2\/pages\/2563","targetHints":{"allow":["GET"]}}],"collection":[{"href":"https:\/\/eedap.com\/pt-pt\/wp-json\/wp\/v2\/pages"}],"about":[{"href":"https:\/\/eedap.com\/pt-pt\/wp-json\/wp\/v2\/types\/page"}],"author":[{"embeddable":true,"href":"https:\/\/eedap.com\/pt-pt\/wp-json\/wp\/v2\/users\/1"}],"replies":[{"embeddable":true,"href":"https:\/\/eedap.com\/pt-pt\/wp-json\/wp\/v2\/comments?post=2563"}],"version-history":[{"count":5,"href":"https:\/\/eedap.com\/pt-pt\/wp-json\/wp\/v2\/pages\/2563\/revisions"}],"predecessor-version":[{"id":4880,"href":"https:\/\/eedap.com\/pt-pt\/wp-json\/wp\/v2\/pages\/2563\/revisions\/4880"}],"wp:attachment":[{"href":"https:\/\/eedap.com\/pt-pt\/wp-json\/wp\/v2\/media?parent=2563"}],"curies":[{"name":"wp","href":"https:\/\/api.w.org\/{rel}","templated":true}]}}