{"id":2568,"date":"2021-10-27T10:15:30","date_gmt":"2021-10-27T08:15:30","guid":{"rendered":"https:\/\/eedap.com\/contacto\/"},"modified":"2021-10-27T12:05:30","modified_gmt":"2021-10-27T10:05:30","slug":"contaco","status":"publish","type":"page","link":"https:\/\/eedap.com\/pt-pt\/contaco\/","title":{"rendered":"Contaco"},"content":{"rendered":"<div>\n<p>Por favor complete os campos abaixo assinalados para preguntas gerais ou siga a liga\u00e7\u00e3o em <strong><a href=\"\/pt-pt\/sedes\/\">Sedes<\/a><\/strong> do est\u00fadio \/ localiza\u00e7\u00e3o apropriada para a sua consulta.<\/p>\n<\/div>\n<div>\n<h3>FORMUL\u00c1RIO DE CONTATO<\/h3>\n<div>\n\n<div class=\"wpcf7 no-js\" id=\"wpcf7-f2573-o1\" lang=\"pt-PT\" dir=\"ltr\" data-wpcf7-id=\"2573\">\n<div class=\"screen-reader-response\"><p role=\"status\" aria-live=\"polite\" aria-atomic=\"true\"><\/p> <ul><\/ul><\/div>\n<form action=\"\/pt-pt\/wp-json\/wp\/v2\/pages\/2568#wpcf7-f2573-o1\" method=\"post\" class=\"wpcf7-form init\" aria-label=\"Formul\u00e1rio de contacto\" novalidate=\"novalidate\" data-status=\"init\">\n<fieldset class=\"hidden-fields-container\"><input type=\"hidden\" name=\"_wpcf7\" value=\"2573\" \/><input type=\"hidden\" name=\"_wpcf7_version\" value=\"6.1.5\" \/><input type=\"hidden\" name=\"_wpcf7_locale\" value=\"pt_PT\" \/><input type=\"hidden\" name=\"_wpcf7_unit_tag\" value=\"wpcf7-f2573-o1\" \/><input type=\"hidden\" name=\"_wpcf7_container_post\" value=\"0\" \/><input type=\"hidden\" name=\"_wpcf7_posted_data_hash\" value=\"\" \/>\n<\/fieldset>\n<div class=\"uk-grid-small\" uk-grid>\n\t<div class=\"uk-width-1-3@m\">\n\t\t<p><span class=\"wpcf7-form-control-wrap\" data-name=\"nombre\"><input size=\"40\" maxlength=\"400\" class=\"wpcf7-form-control wpcf7-text wpcf7-validates-as-required uk-input\" aria-required=\"true\" aria-invalid=\"false\" placeholder=\"Nome (*)\" value=\"\" type=\"text\" name=\"nombre\" \/><\/span>\n\t\t<\/p>\n\t<\/div>\n\t<div class=\"uk-width-1-3@m\">\n\t\t<p><span class=\"wpcf7-form-control-wrap\" data-name=\"apellidos\"><input size=\"40\" maxlength=\"400\" class=\"wpcf7-form-control wpcf7-text wpcf7-validates-as-required uk-input\" aria-required=\"true\" aria-invalid=\"false\" placeholder=\"Apelido (*)\" value=\"\" type=\"text\" name=\"apellidos\" \/><\/span>\n\t\t<\/p>\n\t<\/div>\n\t<div class=\"uk-width-1-3@m\">\n\t\t<p><span class=\"wpcf7-form-control-wrap\" data-name=\"telefono\"><input size=\"40\" maxlength=\"400\" class=\"wpcf7-form-control wpcf7-tel wpcf7-validates-as-required wpcf7-text wpcf7-validates-as-tel uk-input\" aria-required=\"true\" aria-invalid=\"false\" placeholder=\"Telefone (*)\" value=\"\" type=\"tel\" name=\"telefono\" \/><\/span>\n\t\t<\/p>\n\t<\/div>\n\t<div class=\"uk-width-1-3@m\">\n\t\t<p><span class=\"wpcf7-form-control-wrap\" data-name=\"correo\"><input size=\"40\" maxlength=\"400\" class=\"wpcf7-form-control wpcf7-email wpcf7-validates-as-required wpcf7-text wpcf7-validates-as-email uk-input\" aria-required=\"true\" aria-invalid=\"false\" placeholder=\"E-mail (*)\" value=\"\" type=\"email\" name=\"correo\" \/><\/span>\n\t\t<\/p>\n\t<\/div>\n\t<div class=\"uk-width-2-3@m\">\n\t\t<p><span class=\"wpcf7-form-control-wrap\" data-name=\"asunto\"><input size=\"40\" maxlength=\"400\" class=\"wpcf7-form-control wpcf7-text wpcf7-validates-as-required uk-input\" aria-required=\"true\" aria-invalid=\"false\" placeholder=\"Assunto (*)\" value=\"\" type=\"text\" name=\"asunto\" \/><\/span>\n\t\t<\/p>\n\t<\/div>\n\t<div class=\"uk-width-1-1@m\">\n\t\t<p><span class=\"wpcf7-form-control-wrap\" data-name=\"mensaje\"><textarea cols=\"40\" rows=\"5\" maxlength=\"2000\" class=\"wpcf7-form-control wpcf7-textarea wpcf7-validates-as-required uk-textarea\" aria-required=\"true\" aria-invalid=\"false\" placeholder=\"Mensagem (*)\" name=\"mensaje\"><\/textarea><\/span>\n\t\t<\/p>\n\t<\/div>\n\t<div class=\"uk-width-1-1@m\">\n\t\t<p><input class=\"wpcf7-form-control wpcf7-submit has-spinner uk-button uk-button-primary\" type=\"submit\" value=\"Enviar\" \/>\n\t\t<\/p>\n\t<\/div>\n<\/div><div class=\"wpcf7-response-output\" aria-hidden=\"true\"><\/div>\n<\/form>\n<\/div>\n\n<\/div>\n<\/div>\n<p><!--more--><br \/>\n<!-- {\"type\":\"layout\",\"children\":[{\"type\":\"section\",\"props\":{\"style\":\"default\",\"width\":\"default\",\"vertical_align\":\"middle\",\"title_position\":\"top-left\",\"title_rotation\":\"left\",\"title_breakpoint\":\"xl\",\"image_position\":\"center-center\"},\"children\":[{\"type\":\"row\",\"children\":[{\"type\":\"column\",\"props\":{\"image_position\":\"center-center\",\"media_overlay_gradient\":\"\"},\"children\":[{\"type\":\"text\",\"props\":{\"margin\":\"default\",\"column_breakpoint\":\"m\",\"content\":\"\n\n<p>Por favor complete os campos abaixo assinalados para preguntas gerais ou siga a liga\\u00e7\\u00e3o em <strong><a href=\\\"\\\/pt-pt\\\/sedes\\\/\\\">Sedes<\\\/a><\\\/strong> do est\\u00fadio \\\/ localiza\\u00e7\\u00e3o apropriada para a sua consulta.<\\\/p>\",\"text_style\":\"lead\",\"text_align\":\"center\",\"maxwidth\":\"2xlarge\",\"block_align\":\"center\"}},{\"type\":\"panel\",\"props\":{\"link_text\":\"Read more\",\"title_hover_style\":\"reset\",\"title_element\":\"h3\",\"title_align\":\"top\",\"title_grid_width\":\"1-2\",\"title_grid_breakpoint\":\"m\",\"meta_style\":\"meta\",\"meta_align\":\"below-title\",\"meta_element\":\"div\",\"content_column_breakpoint\":\"m\",\"icon_width\":80,\"image_align\":\"top\",\"image_grid_width\":\"1-2\",\"image_grid_breakpoint\":\"m\",\"image_svg_color\":\"emphasis\",\"link_style\":\"default\",\"margin\":\"default\",\"content\":\"\n\n<p>[contact-form-7 id=\\\"1239\\\" title=\\\"Formulario de contacto 1\\\"]<\\\/p>\",\"panel_style\":\"card-default\",\"title\":\"FORMUL\\u00c1RIO DE CONTATO\",\"title_decoration\":\"bullet\"}}]}]}]}],\"version\":\"2.5.4\"} --><\/p>\n","protected":false},"excerpt":{"rendered":"<p>Por favor complete os campos abaixo assinalados para preguntas gerais ou siga a liga\u00e7\u00e3o em Sedes do est\u00fadio \/ localiza\u00e7\u00e3o apropriada para a sua consulta. FORMUL\u00c1RIO DE CONTATO<\/p>\n","protected":false},"author":1,"featured_media":0,"parent":0,"menu_order":11,"comment_status":"closed","ping_status":"closed","template":"","meta":{"_acf_changed":false,"footnotes":""},"class_list":["post-2568","page","type-page","status-publish","hentry"],"acf":[],"_links":{"self":[{"href":"https:\/\/eedap.com\/pt-pt\/wp-json\/wp\/v2\/pages\/2568","targetHints":{"allow":["GET"]}}],"collection":[{"href":"https:\/\/eedap.com\/pt-pt\/wp-json\/wp\/v2\/pages"}],"about":[{"href":"https:\/\/eedap.com\/pt-pt\/wp-json\/wp\/v2\/types\/page"}],"author":[{"embeddable":true,"href":"https:\/\/eedap.com\/pt-pt\/wp-json\/wp\/v2\/users\/1"}],"replies":[{"embeddable":true,"href":"https:\/\/eedap.com\/pt-pt\/wp-json\/wp\/v2\/comments?post=2568"}],"version-history":[{"count":4,"href":"https:\/\/eedap.com\/pt-pt\/wp-json\/wp\/v2\/pages\/2568\/revisions"}],"predecessor-version":[{"id":2730,"href":"https:\/\/eedap.com\/pt-pt\/wp-json\/wp\/v2\/pages\/2568\/revisions\/2730"}],"wp:attachment":[{"href":"https:\/\/eedap.com\/pt-pt\/wp-json\/wp\/v2\/media?parent=2568"}],"curies":[{"name":"wp","href":"https:\/\/api.w.org\/{rel}","templated":true}]}}